{"id":59267,"date":"2020-09-01T11:01:46","date_gmt":"2020-09-01T11:01:46","guid":{"rendered":"https:\/\/www.realforexreviews.com\/canh-bao-ve-thong-tin-tai-chinh\/"},"modified":"2020-10-08T15:33:13","modified_gmt":"2020-10-08T15:33:13","slug":"canh-bao-ve-thong-tin-tai-chinh","status":"publish","type":"page","link":"https:\/\/www.realforexreviews.com\/vi\/canh-bao-ve-thong-tin-tai-chinh","title":{"rendered":"C\u1ea3nh b\u00e1o v\u1ec1 Th\u00f4ng tin T\u00e0i ch\u00ednh"},"content":{"rendered":"[vc_row][vc_column][vc_column_text]<a href=\"https:\/\/www.realforexreviews.com\">www.realforexreviews.com<\/a>\u00a0kh\u00f4ng ch\u1ecbu tr\u00e1ch nhi\u1ec7m v\u1ec1 b\u1ea5t k\u1ef3 t\u1ed5n th\u1ea5t ho\u1eb7c thi\u1ec7n h\u1ea1i n\u00e0o v\u1ec1 ti\u1ec1n t\u1ec7 do vi\u1ec7c ch\u1ec9 d\u1ef1a v\u00e0o c\u00e1c \u0111\u00e1nh gi\u00e1 v\u00e0 th\u00f4ng tin s\u1eb5n c\u00f3 tr\u00ean website n\u00e0y g\u00e2y ra.\r\n\r\nTin t\u1ee9c, \u0111\u00e1nh gi\u00e1, blog v\u00e0 b\u00e0i vi\u1ebft c\u00f3 tr\u00ean trang n\u00e0y \u0111\u01b0\u1ee3c d\u1ef1a tr\u00ean nghi\u00ean c\u1ee9u v\u00e0 \u00fd ki\u1ebfn t\u00e0i ch\u00ednh c\u00e1 nh\u00e2n c\u1ee7a t\u00e1c gi\u1ea3.\r\n\r\nTr\u01b0\u1edbc khi \u0111\u1ea7u t\u01b0 v\u00e0o th\u1ecb tr\u01b0\u1eddng t\u00e0i ch\u00ednh, vui l\u00f2ng l\u01b0u \u00fd r\u1eb1ng giao d\u1ecbch forex ti\u1ec1m \u1ea9n m\u1ee9c \u0111\u1ed9 r\u1ee7i ro cao v\u00e0 c\u00f3 th\u1ec3 d\u1eabn \u0111\u1ebfn vi\u1ec7c m\u1ea5t h\u1ebft v\u1ed1n \u0111\u1ea7u t\u01b0.\u00a0\u00a0 M\u1ecdi nh\u00e0 giao d\u1ecbch \u0111ang c\u00f3 \u00fd \u0111\u1ecbnh ki\u1ebfm l\u1eddi b\u1eb1ng giao d\u1ecbch n\u00ean xem x\u00e9t th\u00f4ng tin n\u00e0y. Kh\u00f4ng n\u00ean giao d\u1ecbch v\u1edbi s\u1ed1 v\u1ed1n m\u00e0 b\u1ea1n kh\u00f4ng th\u1ec3 \u0111\u1ec3 m\u1ea5t.[\/vc_column_text][\/vc_column][\/vc_row]","protected":false},"excerpt":{"rendered":"[vc_row][vc_column][vc_column_text]www.realforexreviews.com\u00a0kh\u00f4ng ch\u1ecbu tr\u00e1ch nhi\u1ec7m v\u1ec1 b\u1ea5t k\u1ef3 t\u1ed5n th\u1ea5t ho\u1eb7c thi\u1ec7n h\u1ea1i n\u00e0o v\u1ec1 ti\u1ec1n t\u1ec7 do vi\u1ec7c ch\u1ec9 d\u1ef1a v\u00e0o c\u00e1c \u0111\u00e1nh gi\u00e1 v\u00e0 th\u00f4ng tin s\u1eb5n c\u00f3 tr\u00ean website n\u00e0y g\u00e2y ra. Tin t\u1ee9c, \u0111\u00e1nh gi\u00e1, blog v\u00e0 b\u00e0i vi\u1ebft c\u00f3 tr\u00ean trang n\u00e0y \u0111\u01b0\u1ee3c d\u1ef1a tr\u00ean nghi\u00ean c\u1ee9u v\u00e0 \u00fd ki\u1ebfn t\u00e0i [&hellip;]","protected":false},"author":54,"featured_media":0,"parent":0,"menu_order":0,"comment_status":"closed","ping_status":"closed","template":"","meta":{"_acf_changed":false,"footnotes":""},"class_list":["post-59267","page","type-page","status-publish","hentry"],"acf":[],"aioseo_notices":[],"_links":{"self":[{"href":"https:\/\/www.realforexreviews.com\/vi\/wp-json\/wp\/v2\/pages\/59267","targetHints":{"allow":["GET"]}}],"collection":[{"href":"https:\/\/www.realforexreviews.com\/vi\/wp-json\/wp\/v2\/pages"}],"about":[{"href":"https:\/\/www.realforexreviews.com\/vi\/wp-json\/wp\/v2\/types\/page"}],"author":[{"embeddable":true,"href":"https:\/\/www.realforexreviews.com\/vi\/wp-json\/wp\/v2\/users\/54"}],"replies":[{"embeddable":true,"href":"https:\/\/www.realforexreviews.com\/vi\/wp-json\/wp\/v2\/comments?post=59267"}],"version-history":[{"count":3,"href":"https:\/\/www.realforexreviews.com\/vi\/wp-json\/wp\/v2\/pages\/59267\/revisions"}],"predecessor-version":[{"id":66218,"href":"https:\/\/www.realforexreviews.com\/vi\/wp-json\/wp\/v2\/pages\/59267\/revisions\/66218"}],"wp:attachment":[{"href":"https:\/\/www.realforexreviews.com\/vi\/wp-json\/wp\/v2\/media?parent=59267"}],"curies":[{"name":"wp","href":"https:\/\/api.w.org\/{rel}","templated":true}]}}