{"id":59610,"date":"2020-09-01T11:47:00","date_gmt":"2020-09-01T11:47:00","guid":{"rendered":"https:\/\/www.realforexreviews.com\/chung-toi-xep-hang-nhu-the-nao\/"},"modified":"2020-09-26T15:53:16","modified_gmt":"2020-09-26T15:53:16","slug":"chung-toi-xep-hang-nhu-the-nao","status":"publish","type":"page","link":"https:\/\/www.realforexreviews.com\/vi\/chung-toi-xep-hang-nhu-the-nao","title":{"rendered":"Ch\u00fang t\u00f4i X\u1ebfp h\u1ea1ng Nh\u01b0 th\u1ebf n\u00e0o?"},"content":{"rendered":"[vc_row][vc_column][vc_column_text]\r\n\r\nD\u01b0\u1edbi \u0111\u00e2y l\u00e0 th\u00f4ng s\u1ed1 m\u00e0 ch\u00fang t\u00f4i \u0111\u00e3 s\u1eed d\u1ee5ng \u0111\u1ec3 cung c\u1ea5p cho b\u1ea1n \u0111\u00e1nh gi\u00e1 th\u1ef1c t\u1ebf v\u00e0 ch\u00ednh x\u00e1c v\u1ec1 nh\u00e0 m\u00f4i gi\u1edbi:\r\n\r\n[\/vc_column_text][vc_tta_accordion active_section=&#8221;1&#8243;][vc_tta_section title=&#8221;Giao di\u1ec7n&#8221; tab_id=&#8221;1601133988290-5ed85229-34f3&#8243;][vc_column_text]Ch\u00fang t\u00f4i t\u00ecm ki\u1ebfm n\u1ed7 l\u1ef1c c\u1ea3i ti\u1ebfn \u0111\u01b0\u1ee3c th\u1ef1c hi\u1ec7n \u0111\u1ec3 l\u00e0m cho giao di\u1ec7n d\u1ec5 nh\u00ecn h\u01a1n.[\/vc_column_text][\/vc_tta_section][vc_tta_section title=&#8221;N\u1ec1n t\u1ea3ng&#8221; tab_id=&#8221;1601133988292-ded7ee01-f1bf&#8221;][vc_column_text]N\u1ec1n t\u1ea3ng do nh\u00e0 m\u00f4i gi\u1edbi cung c\u1ea5p \u0111\u01b0\u1ee3c ki\u1ec3m tra v\u1ec1 s\u1ef1 \u0111\u00e1p \u1ee9ng v\u00e0 ch\u1ea5t l\u01b0\u1ee3ng c\u1ee7a h\u1ecd.[\/vc_column_text][\/vc_tta_section][vc_tta_section title=&#8221;K\u00edch th\u01b0\u1edbc l\u00f4 t\u1ed1i thi\u1ec3u&#8221; tab_id=&#8221;1601134176728-9e7e1c63-ce75&#8243;][vc_column_text]\r\n\r\nN\u00f3i chung, k\u00edch th\u01b0\u1edbc l\u00f4 nh\u1ecf h\u01a1n l\u00e0 t\u1ed1t h\u01a1n v\u00ec b\u1ea1n c\u00f3 nhi\u1ec1u s\u1ef1 linh ho\u1ea1t trong vi\u1ec7c qu\u1ea3n l\u00fd c\u00e1c giao d\u1ecbch c\u1ee7a m\u00ecnh.\r\n\r\n[\/vc_column_text][\/vc_tta_section][vc_tta_section title=&#8221;S\u1ed1 ti\u1ec1n g\u1eedi t\u1ed1i thi\u1ec3u&#8221; tab_id=&#8221;1601134179934-30a87b18-37d5&#8243;][vc_column_text]\r\n\r\nQuy m\u00f4 t\u00e0i kho\u1ea3n t\u1ed1i thi\u1ec3u th\u1ea5p lu\u00f4n lu\u00f4n t\u1ed1t h\u01a1n nh\u01b0ng t\u00ednh n\u0103ng gia t\u0103ng gi\u00e1 tr\u1ecb c\u0169ng \u0111\u01b0\u1ee3c xem x\u00e9t.\r\n\r\n[\/vc_column_text][\/vc_tta_section][vc_tta_section title=&#8221;T\u00e0i s\u1ea3n c\u00f3 th\u1ec3 giao d\u1ecbch&#8221; tab_id=&#8221;1601134188314-dcf5fd83-263e&#8221;][vc_column_text]\r\n\r\nCh\u00fang t\u00f4i kh\u00f4ng ch\u1ec9 ki\u1ec3m tra s\u1ed1 l\u01b0\u1ee3ng, m\u00e0 c\u00f2n ch\u1ea5t l\u01b0\u1ee3ng c\u1ee7a t\u00e0i s\u1ea3n s\u1eb5n c\u00f3 \u0111\u1ec3 giao d\u1ecbch.\r\n\r\n[\/vc_column_text][\/vc_tta_section][vc_tta_section title=&#8221;Ch\u00eanh l\u1ec7ch&#8221; tab_id=&#8221;1601134189102-bd817c6c-4fe0&#8243;][vc_column_text]\r\n\r\nCh\u00fang t\u00f4i xem x\u00e9t gi\u00e1 tr\u1ecb pip, l\u00e0 m\u1ed9t trong nh\u1eefng c\u00e1ch t\u1ed1t nh\u1ea5t \u0111\u1ec3 t\u00ednh to\u00e1n m\u1ee9c l\u1ee3i nhu\u1eadn ho\u1eb7c thua l\u1ed7 m\u00e0 b\u1ea1n c\u00f3 th\u1ec3 c\u00f3 tr\u00ean giao d\u1ecbch.\r\n\r\n[\/vc_column_text][\/vc_tta_section][vc_tta_section title=&#8221;C\u00e1c Ph\u01b0\u01a1ng th\u1ee9c Thanh to\u00e1n&#8221; tab_id=&#8221;1601134189454-ad512885-7e89&#8243;][vc_column_text]\r\n\r\nCh\u00fang t\u00f4i ki\u1ec3m tra h\u00e0ng lo\u1ea1t ph\u01b0\u01a1ng th\u1ee9c thanh to\u00e1n do nh\u00e0 m\u00f4i gi\u1edbi h\u1ed7 tr\u1ee3.\r\n\r\n[\/vc_column_text][\/vc_tta_section][vc_tta_section title=&#8221;Th\u1eddi gian r\u00fat ti\u1ec1n&#8221; tab_id=&#8221;1601134189699-24b24be0-3a98&#8243;][vc_column_text]\r\n\r\nTh\u1eddi gian m\u00e0 nh\u00e0 m\u00f4i gi\u1edbi c\u1ea7n \u0111\u1ec3 x\u1eed l\u00fd y\u00eau c\u1ea7u r\u00fat ti\u1ec1n \u0111\u01b0\u1ee3c \u0111\u00e1nh gi\u00e1.\r\n\r\n[\/vc_column_text][\/vc_tta_section][vc_tta_section title=&#8221;H\u1ed7 tr\u1ee3 kh\u00e1ch h\u00e0ng&#8221; tab_id=&#8221;1601134189886-63254a74-effe&#8221;][vc_column_text]\r\n\r\nNh\u00f3m h\u1ed7 tr\u1ee3 \u0111\u01b0\u1ee3c ki\u1ec3m tra kh\u00f4ng ch\u1ec9 v\u1ec1 t\u1ed1c \u0111\u1ed9 v\u00e0 ch\u1ea5t l\u01b0\u1ee3ng c\u1ee7a d\u1ecbch v\u1ee5 m\u00e0 h\u1ecd cung c\u1ea5p m\u00e0 c\u00f2n v\u1ec1 t\u00ecnh tr\u1ea1ng kh\u1ea3 d\u1ee5ng.\r\n\r\n[\/vc_column_text][\/vc_tta_section][vc_tta_section title=&#8221;D\u1eef li\u1ec7u th\u1ecb tr\u01b0\u1eddng&#8221; tab_id=&#8221;1601135417049-1f1d3f71-7709&#8243;][vc_column_text]\r\n\r\nN\u1ec1n t\u1ea3ng \u0111\u01b0\u1ee3c ki\u1ec3m tra \u0111\u1ec3 bi\u1ebft li\u1ec7u ch\u00fang c\u00f3 hi\u1ec3n th\u1ecb gi\u00e1 th\u1ef1c hi\u1ec7n theo th\u1eddi gian th\u1ef1c hay kh\u00f4ng v\u00e0 t\u1ea7n su\u1ea5t b\u00e1o gi\u00e1 l\u1ea1i cao.\r\n\r\n[\/vc_column_text][\/vc_tta_section][vc_tta_section title=&#8221;S\u1ef1 uy t\u00edn&#8221; tab_id=&#8221;1601135429720-cbd05288-1391&#8243;][vc_column_text]\r\n\r\nTh\u00f4ng tin c\u01a1 b\u1ea3n c\u1ee7a nh\u00e0 m\u00f4i gi\u1edbi \u0111\u01b0\u1ee3c ki\u1ec3m tra v\u00e0 \u0111\u00e1nh gi\u00e1 \u0111\u1ec3 x\u00e1c \u0111\u1ecbnh li\u1ec7u h\u1ecd c\u00f3 uy t\u00edn t\u1ed1t trong ng\u00e0nh hay kh\u00f4ng.\r\n\r\n[\/vc_column_text][\/vc_tta_section][\/vc_tta_accordion][\/vc_column][\/vc_row]","protected":false},"excerpt":{"rendered":"[vc_row][vc_column][vc_column_text] D\u01b0\u1edbi \u0111\u00e2y l\u00e0 th\u00f4ng s\u1ed1 m\u00e0 ch\u00fang t\u00f4i \u0111\u00e3 s\u1eed d\u1ee5ng \u0111\u1ec3 cung c\u1ea5p cho b\u1ea1n \u0111\u00e1nh gi\u00e1 th\u1ef1c t\u1ebf v\u00e0 ch\u00ednh x\u00e1c v\u1ec1 nh\u00e0 m\u00f4i gi\u1edbi: [\/vc_column_text][vc_tta_accordion active_section=&#8221;1&#8243;][vc_tta_section title=&#8221;Giao di\u1ec7n&#8221; tab_id=&#8221;1601133988290-5ed85229-34f3&#8243;][vc_column_text]Ch\u00fang t\u00f4i t\u00ecm ki\u1ebfm n\u1ed7 l\u1ef1c c\u1ea3i ti\u1ebfn \u0111\u01b0\u1ee3c th\u1ef1c hi\u1ec7n \u0111\u1ec3 l\u00e0m cho giao di\u1ec7n d\u1ec5 nh\u00ecn h\u01a1n.[\/vc_column_text][\/vc_tta_section][vc_tta_section title=&#8221;N\u1ec1n t\u1ea3ng&#8221; tab_id=&#8221;1601133988292-ded7ee01-f1bf&#8221;][vc_column_text]N\u1ec1n t\u1ea3ng [&hellip;]","protected":false},"author":57,"featured_media":0,"parent":0,"menu_order":0,"comment_status":"open","ping_status":"closed","template":"","meta":{"_acf_changed":false,"footnotes":""},"class_list":["post-59610","page","type-page","status-publish","hentry"],"acf":[],"aioseo_notices":[],"_links":{"self":[{"href":"https:\/\/www.realforexreviews.com\/vi\/wp-json\/wp\/v2\/pages\/59610","targetHints":{"allow":["GET"]}}],"collection":[{"href":"https:\/\/www.realforexreviews.com\/vi\/wp-json\/wp\/v2\/pages"}],"about":[{"href":"https:\/\/www.realforexreviews.com\/vi\/wp-json\/wp\/v2\/types\/page"}],"author":[{"embeddable":true,"href":"https:\/\/www.realforexreviews.com\/vi\/wp-json\/wp\/v2\/users\/57"}],"replies":[{"embeddable":true,"href":"https:\/\/www.realforexreviews.com\/vi\/wp-json\/wp\/v2\/comments?post=59610"}],"version-history":[{"count":4,"href":"https:\/\/www.realforexreviews.com\/vi\/wp-json\/wp\/v2\/pages\/59610\/revisions"}],"predecessor-version":[{"id":64627,"href":"https:\/\/www.realforexreviews.com\/vi\/wp-json\/wp\/v2\/pages\/59610\/revisions\/64627"}],"wp:attachment":[{"href":"https:\/\/www.realforexreviews.com\/vi\/wp-json\/wp\/v2\/media?parent=59610"}],"curies":[{"name":"wp","href":"https:\/\/api.w.org\/{rel}","templated":true}]}}