{"id":59619,"date":"2020-09-01T13:13:31","date_gmt":"2020-09-01T13:13:31","guid":{"rendered":"https:\/\/www.realforexreviews.com\/lien-he-voi-chung-toi\/"},"modified":"2020-09-26T15:54:12","modified_gmt":"2020-09-26T15:54:12","slug":"lien-he-voi-chung-toi","status":"publish","type":"page","link":"https:\/\/www.realforexreviews.com\/vi\/lien-he-voi-chung-toi","title":{"rendered":"Li\u00ean h\u1ec7 v\u1edbi Ch\u00fang t\u00f4i"},"content":{"rendered":"[vc_row][vc_column][vc_column_text]\r\n\r\nCh\u00fang t\u00f4i lu\u00f4n s\u1eb5n s\u00e0ng h\u1ed7 tr\u1ee3 b\u1ea1n v\u00e0o b\u1ea5t k\u1ef3 ng\u00e0y n\u00e0o trong tu\u1ea7n, v\u00e0o b\u1ea5t k\u1ef3 th\u1eddi \u0111i\u1ec3m n\u00e0o.\r\n\r\nH\u00e3y tr\u00f2 chuy\u1ec7n v\u1ec1 chi\u1ec1u h\u01b0\u1edbng ti\u1ec1n t\u1ec7 hi\u1ec7u qu\u1ea3, kh\u1ea3 n\u0103ng sinh l\u1eddi v\u00e0 c\u01a1 h\u1ed9i giao d\u1ecbch. H\u00e3y tr\u00f2 chuy\u1ec7n v\u1edbi ch\u00fang t\u00f4i ngay h\u00f4m nay!\r\n\r\n<center><\/center>[\/vc_column_text][\/vc_column][\/vc_row][vc_row][vc_column][vc_column_text]\r\n<h2 style=\"text-align: center;\"><strong>realforexreviews@gmail.com<\/strong><\/h2>\r\n[\/vc_column_text][\/vc_column][\/vc_row]","protected":false},"excerpt":{"rendered":"[vc_row][vc_column][vc_column_text] Ch\u00fang t\u00f4i lu\u00f4n s\u1eb5n s\u00e0ng h\u1ed7 tr\u1ee3 b\u1ea1n v\u00e0o b\u1ea5t k\u1ef3 ng\u00e0y n\u00e0o trong tu\u1ea7n, v\u00e0o b\u1ea5t k\u1ef3 th\u1eddi \u0111i\u1ec3m n\u00e0o. H\u00e3y tr\u00f2 chuy\u1ec7n v\u1ec1 chi\u1ec1u h\u01b0\u1edbng ti\u1ec1n t\u1ec7 hi\u1ec7u qu\u1ea3, kh\u1ea3 n\u0103ng sinh l\u1eddi v\u00e0 c\u01a1 h\u1ed9i giao d\u1ecbch. H\u00e3y tr\u00f2 chuy\u1ec7n v\u1edbi ch\u00fang t\u00f4i ngay h\u00f4m nay! [\/vc_column_text][\/vc_column][\/vc_row][vc_row][vc_column][vc_column_text] realforexreviews@gmail.com [\/vc_column_text][\/vc_column][\/vc_row]","protected":false},"author":54,"featured_media":0,"parent":0,"menu_order":0,"comment_status":"closed","ping_status":"closed","template":"","meta":{"_acf_changed":false,"footnotes":""},"class_list":["post-59619","page","type-page","status-publish","hentry"],"acf":[],"aioseo_notices":[],"_links":{"self":[{"href":"https:\/\/www.realforexreviews.com\/vi\/wp-json\/wp\/v2\/pages\/59619","targetHints":{"allow":["GET"]}}],"collection":[{"href":"https:\/\/www.realforexreviews.com\/vi\/wp-json\/wp\/v2\/pages"}],"about":[{"href":"https:\/\/www.realforexreviews.com\/vi\/wp-json\/wp\/v2\/types\/page"}],"author":[{"embeddable":true,"href":"https:\/\/www.realforexreviews.com\/vi\/wp-json\/wp\/v2\/users\/54"}],"replies":[{"embeddable":true,"href":"https:\/\/www.realforexreviews.com\/vi\/wp-json\/wp\/v2\/comments?post=59619"}],"version-history":[{"count":2,"href":"https:\/\/www.realforexreviews.com\/vi\/wp-json\/wp\/v2\/pages\/59619\/revisions"}],"predecessor-version":[{"id":64628,"href":"https:\/\/www.realforexreviews.com\/vi\/wp-json\/wp\/v2\/pages\/59619\/revisions\/64628"}],"wp:attachment":[{"href":"https:\/\/www.realforexreviews.com\/vi\/wp-json\/wp\/v2\/media?parent=59619"}],"curies":[{"name":"wp","href":"https:\/\/api.w.org\/{rel}","templated":true}]}}