{"id":59649,"date":"2020-09-02T11:10:02","date_gmt":"2020-09-02T11:10:02","guid":{"rendered":"https:\/\/www.realforexreviews.com\/brokers\/xm-group-danh-gia-2020\/"},"modified":"2020-12-26T09:11:05","modified_gmt":"2020-12-26T09:11:05","slug":"xm","status":"publish","type":"page","link":"https:\/\/www.realforexreviews.com\/vi\/brokers\/xm","title":{"rendered":"XM Group \u0110\u00e1nh gi\u00e1 2021"},"content":{"rendered":"[vc_row][vc_column][vc_column_text]\r\n\r\n<center><a href=\"https:\/\/clicks.pipaffiliates.com\/c?m=7963&amp;c=547189\"><img fetchpriority=\"high\" decoding=\"async\" src=\"https:\/\/ads.pipaffiliates.com\/i\/7963?c=547189\" alt=\"XM banner\" width=\"728\" height=\"90\" \/><\/a><\/center>[\/vc_column_text][vc_column_text]\r\n<div id=\"end\" class=\"retitle\">\r\n<h4>Gi\u1edbi thi\u1ec7u <a class=\"readbottomline\" href=\"#conclusion\">ho\u1eb7c H\u00e3y b\u1ecf qua N\u1ed9i dung v\u00e0 \u0110\u1ecdc K\u1ebft lu\u1eadn!<\/a><\/h4>\r\nXM l\u00e0 nh\u00e0 m\u00f4i gi\u1edbi \u0111\u01b0\u1ee3c k\u00ednh tr\u1ecdng nh\u1edd vi\u1ec7c cung c\u1ea5p h\u00e0ng lo\u1ea1t n\u1ec1n t\u1ea3ng MT4 tr\u00ean nhi\u1ec1u m\u00e1y tr\u1ea1m kh\u00e1c nhau.\r\n\r\nGiao d\u1ecbch v\u1edbi h\u1ecd c\u00f3 l\u00fd t\u01b0\u1edfng kh\u00f4ng?\r\n\r\n<em>Ch\u00fang ta h\u00e3y c\u00f9ng t\u00ecm hi\u1ec3u trong \u0111\u00e1nh gi\u00e1 n\u00e0y.<\/em>\r\n\r\n<\/div>\r\n[\/vc_column_text][vc_column_text]\r\n<table class=\"shadow\" border=\"1\" width=\"70%\" cellspacing=\"0\" cellpadding=\"5\" align=\"center\">\r\n<tbody>\r\n<tr>\r\n<td style=\"background: #336181 none repeat scroll 0% 0%; border-top-left-radius: 10px; border-top-right-radius: 10px; border: 1px solid #fff;\" colspan=\"2\" valign=\"top\"><center><span style=\"color: #fff;\"><strong>XM T\u1ed5ng quan<\/strong><\/span><\/center><\/td>\r\n<\/tr>\r\n<tr>\r\n<td width=\"230\">\u0110\u01b0\u1ee3c th\u00e0nh l\u1eadp<\/td>\r\n<td width=\"230\">2009 \u2013 Trading Point of Financial Instruments Ltd\r\n2015 \u2013 Trading Point of Financial Instruments Pty Ltd\r\n2016 \u2013 Trading Point of Financial Instruments UK Ltd<\/td>\r\n<\/tr>\r\n<tr>\r\n<td width=\"230\">N\u1ec1n t\u1ea3ng<\/td>\r\n<td width=\"230\">MT4 cho PC, MT4 cho Mac, MT4 Multiterminal, MT4 WebTrader, MT5 cho PC, MT5 cho Mac, MT5 WebTrader, MT4 cho iPhone, MT4 cho Android, MT5 cho iPhone, MT5 cho Android, MT4 cho iPad, MT4 cho Android, MT5 cho iPad, MT5 cho Android<\/td>\r\n<\/tr>\r\n<tr>\r\n<td width=\"230\">S\u1ed1 ti\u1ec1n g\u1eedi t\u1ed1i thi\u1ec3u<\/td>\r\n<td width=\"230\">$5<\/td>\r\n<\/tr>\r\n<tr>\r\n<td width=\"230\">K\u00edch th\u01b0\u1edbc l\u00f4 t\u1ed1i thi\u1ec3u<\/td>\r\n<td width=\"230\">0.01<\/td>\r\n<\/tr>\r\n<tr>\r\n<td width=\"230\">T\u00e0i s\u1ea3n c\u00f3 th\u1ec3 giao d\u1ecbch<\/td>\r\n<td width=\"230\">1000+<\/td>\r\n<\/tr>\r\n<tr>\r\n<td width=\"230\">K\u00fd qu\u1ef9 t\u1ed1i \u0111a<\/td>\r\n<td width=\"230\">1:500<\/td>\r\n<\/tr>\r\n<tr>\r\n<td width=\"230\">Ch\u00eanh l\u1ec7ch tr\u00ean EUR\/USD<\/td>\r\n<td width=\"230\">1.8 pips<\/td>\r\n<\/tr>\r\n<tr>\r\n<td width=\"230\">C\u00e1c Ph\u01b0\u01a1ng th\u1ee9c Thanh to\u00e1n<\/td>\r\n<td width=\"230\">Nhi\u1ec1u ph\u01b0\u01a1ng th\u1ee9c thanh to\u00e1n \u0111\u1ecba ph\u01b0\u01a1ng<\/td>\r\n<\/tr>\r\n<tr>\r\n<td width=\"230\">T\u00e0i kho\u1ea3n Demo<\/td>\r\n<td width=\"230\">C\u00f3<\/td>\r\n<\/tr>\r\n<tr>\r\n<td width=\"230\">Ch\u1ea5p nh\u1eadn nh\u00e0 giao d\u1ecbch Vi\u1ec7t Nam<\/td>\r\n<td width=\"230\">C\u00f3<\/td>\r\n<\/tr>\r\n<tr>\r\n<td width=\"230\">\u0110\u01b0\u1ee3c qu\u1ea3n l\u00fd<\/td>\r\n<td width=\"230\">FCA (UK) \u2013 Trading Point of Financial Instruments UK Ltd (XMUK)\r\nASIC (AU) \u2013 Trading Point of Financial Instruments Pty Ltd (XMAU)\r\nCySEC (CY) \u2013 Trading Point of Financial Instruments (XMCY)<\/td>\r\n<\/tr>\r\n<tr>\r\n<td width=\"230\">H\u1ed7 tr\u1ee3 kh\u00e1ch h\u00e0ng<\/td>\r\n<td width=\"230\">\u0110i\u1ec7n tho\u1ea1i, Email, Tr\u00f2 chuy\u1ec7n Tr\u1ef1c ti\u1ebfp<\/td>\r\n<\/tr>\r\n<tr>\r\n<td width=\"230\">Trang m\u1ea1ng<\/td>\r\n<td width=\"230\"><a href=\"\/regVI\/xm\" target=\"_blank\" rel=\"nofollow noopener noreferrer\">www.xm.com\/vn<\/a><\/td>\r\n<\/tr>\r\n<\/tbody>\r\n<\/table>\r\n[\/vc_column_text][vc_column_text]\r\n\r\n<center><a class=\"open\" href=\"\/regVI\/xm\" target=\"_blank\" rel=\"nofollow noopener noreferrer\">Truy c\u1eadp Trang XM!<\/a><\/center>[\/vc_column_text][vc_column_text]\r\n<div class=\"retitle\">\r\n<h4>N\u1ec1n t\u1ea3ng<span class=\"score\"> 8.8\/10 <img decoding=\"async\" class=\"usr lazyload\" data-src=\"https:\/\/www.realforexreviews.com\/wp-content\/plugins\/universal-star-rating\/includes\/image.php?img=06.png&amp;px=20&amp;max=5&amp;rat=4.4\" alt=\"4.4 out of 5 stars\" style=\"height: 20px !important;\" src=\"data:image\/svg+xml;base64,PHN2ZyB3aWR0aD0iMSIgaGVpZ2h0PSIxIiB4bWxucz0iaHR0cDovL3d3dy53My5vcmcvMjAwMC9zdmciPjwvc3ZnPg==\" \/><\/span><\/h4>\r\n<\/div>\r\nH\u1ecd c\u00f3 h\u00e0ng lo\u1ea1t n\u1ec1n t\u1ea3ng MetraTrader 4. B\u1ea1n c\u00f3 th\u1ec3 c\u00e0i \u0111\u1eb7t ch\u00fang tr\u00ean m\u00e1y t\u00ednh ho\u1eb7c c\u00e1c thi\u1ebft b\u1ecb di \u0111\u1ed9ng ho\u1eb7c truy c\u1eadp ch\u00fang tr\u00ean tr\u00ecnh duy\u1ec7t web. H\u1ecd c\u00f3 m\u1ecdi gi\u1ea3i ph\u00e1p cho g\u1ea7n nh\u01b0 m\u1ecdi lo\u1ea1i thi\u1ebft b\u1ecb.[\/vc_column_text][vc_column_text]\r\n<div class=\"retitle\">\r\n<h4>Giao di\u1ec7n<span class=\"score\"> 10\/10 <img decoding=\"async\" class=\"usr lazyload\" data-src=\"https:\/\/www.realforexreviews.com\/wp-content\/plugins\/universal-star-rating\/includes\/image.php?img=06.png&amp;px=20&amp;max=5&amp;rat=5\" alt=\"5 out of 5 stars\" style=\"height: 20px !important;\" src=\"data:image\/svg+xml;base64,PHN2ZyB3aWR0aD0iMSIgaGVpZ2h0PSIxIiB4bWxucz0iaHR0cDovL3d3dy53My5vcmcvMjAwMC9zdmciPjwvc3ZnPg==\" \/><\/span><\/h4>\r\n<\/div>\r\nT\u1ea5t c\u1ea3 n\u1ec1n t\u1ea3ng c\u1ee7a h\u1ecd c\u00f3 b\u1ed1 c\u1ee5c \u0111\u01b0\u1ee3c t\u1ed5 ch\u1ee9c v\u00e0 kh\u00f4ng c\u00f3 b\u1ea5t k\u1ef3 menu v\u00e0 ph\u1ea7n ph\u1ee9c t\u1ea1p n\u00e0o.\r\n\r\n<div id=\"attachment_64609\" style=\"width: 1288px\" class=\"wp-caption aligncenter\"><a href=\"\/regVI\/xm\"><img decoding=\"async\" aria-describedby=\"caption-attachment-64609\" class=\"size-full wp-image-64609 lazyload\" data-src=\"https:\/\/www.realforexreviews.com\/wp-content\/smush-webp\/2020\/09\/Nen-tang-XM-MT4-1.jpg.webp\" alt=\"N\u1ec1n t\u1ea3ng XM MT4\" width=\"1278\" height=\"858\" data-srcset=\"https:\/\/www.realforexreviews.com\/wp-content\/smush-webp\/2020\/09\/Nen-tang-XM-MT4-1.jpg.webp 1278w, https:\/\/www.realforexreviews.com\/wp-content\/smush-webp\/2020\/09\/Nen-tang-XM-MT4-1-300x201.jpg.webp 300w, https:\/\/www.realforexreviews.com\/wp-content\/smush-webp\/2020\/09\/Nen-tang-XM-MT4-1-1024x687.jpg.webp 1024w, https:\/\/www.realforexreviews.com\/wp-content\/smush-webp\/2020\/09\/Nen-tang-XM-MT4-1-767x515.jpg.webp 767w, https:\/\/www.realforexreviews.com\/wp-content\/smush-webp\/2020\/09\/Nen-tang-XM-MT4-1-1536x1031.jpg.webp 1536w, https:\/\/www.realforexreviews.com\/wp-content\/smush-webp\/2020\/09\/Nen-tang-XM-MT4-1-2048x1375.jpg.webp 2048w, https:\/\/www.realforexreviews.com\/wp-content\/smush-webp\/2020\/09\/Nen-tang-XM-MT4-1-50x34.jpg.webp 50w, https:\/\/www.realforexreviews.com\/wp-content\/smush-webp\/2020\/09\/Nen-tang-XM-MT4-1-788x529.jpg.webp 788w\" data-sizes=\"(max-width: 1278px) 100vw, 1278px\" src=\"data:image\/svg+xml;base64,PHN2ZyB3aWR0aD0iMSIgaGVpZ2h0PSIxIiB4bWxucz0iaHR0cDovL3d3dy53My5vcmcvMjAwMC9zdmciPjwvc3ZnPg==\" style=\"--smush-placeholder-width: 1278px; --smush-placeholder-aspect-ratio: 1278\/858;\" \/><\/a><p id=\"caption-attachment-64609\" class=\"wp-caption-text\">N\u1ec1n t\u1ea3ng XM MT4<\/p><\/div>\r\n\r\n<center><a class=\"open\" href=\"\/regVI\/xm\" target=\"_blank\" rel=\"nofollow noopener noreferrer\">Truy c\u1eadp Trang XM!<\/a><\/center>[\/vc_column_text][vc_column_text]\r\n<div class=\"retitle\">\r\n<h4>K\u00edch th\u01b0\u1edbc l\u00f4 t\u1ed1i thi\u1ec3u<span class=\"score\"> 10\/10 <img decoding=\"async\" class=\"usr lazyload\" data-src=\"https:\/\/www.realforexreviews.com\/wp-content\/plugins\/universal-star-rating\/includes\/image.php?img=06.png&amp;px=20&amp;max=5&amp;rat=5\" alt=\"5 out of 5 stars\" style=\"height: 20px !important;\" src=\"data:image\/svg+xml;base64,PHN2ZyB3aWR0aD0iMSIgaGVpZ2h0PSIxIiB4bWxucz0iaHR0cDovL3d3dy53My5vcmcvMjAwMC9zdmciPjwvc3ZnPg==\" \/><\/span><\/h4>\r\n<\/div>\r\nK\u00edch th\u01b0\u1edbc l\u00f4 t\u1ed1i thi\u1ec3u \u0111\u01b0\u1ee3c ch\u1ea5p nh\u1eadn l\u00e0 0,01, l\u00e0 m\u1ee9c kh\u00e1 ph\u1ed5 bi\u1ebfn v\u1edbi h\u1ea7u h\u1ebft c\u00e1c nh\u00e0 m\u00f4i gi\u1edbi.[\/vc_column_text][vc_column_text]\r\n<div class=\"retitle\">\r\n<h4>S\u1ed1 ti\u1ec1n g\u1eedi t\u1ed1i thi\u1ec3u<span class=\"score\"> 10\/10 <img decoding=\"async\" class=\"usr lazyload\" data-src=\"https:\/\/www.realforexreviews.com\/wp-content\/plugins\/universal-star-rating\/includes\/image.php?img=06.png&amp;px=20&amp;max=5&amp;rat=5\" alt=\"5 out of 5 stars\" style=\"height: 20px !important;\" src=\"data:image\/svg+xml;base64,PHN2ZyB3aWR0aD0iMSIgaGVpZ2h0PSIxIiB4bWxucz0iaHR0cDovL3d3dy53My5vcmcvMjAwMC9zdmciPjwvc3ZnPg==\" \/><\/span><\/h4>\r\n<\/div>\r\nB\u1ea1n c\u00f3 th\u1ec3 b\u1eaft \u0111\u1ea7u v\u1edbi s\u1ed1 ti\u1ec1n n\u1ea1p t\u1ed1i thi\u1ec3u ch\u1ec9 5 USD, l\u00e0 m\u1ee9c c\u1ef1c k\u1ef3 th\u1ea5p h\u01a1n so v\u1edbi y\u00eau c\u1ea7u c\u1ee7a c\u00e1c nh\u00e0 m\u00f4i gi\u1edbi kh\u00e1c.[\/vc_column_text][vc_column_text]\r\n<div class=\"retitle\">\r\n<h4>T\u00e0i s\u1ea3n c\u00f3 th\u1ec3 giao d\u1ecbch<span class=\"score\"> 9.5\/10 <img decoding=\"async\" class=\"usr lazyload\" data-src=\"https:\/\/www.realforexreviews.com\/wp-content\/plugins\/universal-star-rating\/includes\/image.php?img=06.png&amp;px=20&amp;max=5&amp;rat=4.8\" alt=\"4.8 out of 5 stars\" style=\"height: 20px !important;\" src=\"data:image\/svg+xml;base64,PHN2ZyB3aWR0aD0iMSIgaGVpZ2h0PSIxIiB4bWxucz0iaHR0cDovL3d3dy53My5vcmcvMjAwMC9zdmciPjwvc3ZnPg==\" \/><\/span><\/h4>\r\n<\/div>\r\nTr\u00ean 1,000 c\u00f4ng c\u1ee5 c\u00f3 th\u1ec3 \u0111\u01b0\u1ee3c giao d\u1ecbch tr\u00ean n\u1ec1n t\u1ea3ng c\u1ee7a h\u1ecd. S\u1ef1 \u0111a d\u1ea1ng nh\u01b0 v\u1eady m\u1edf ra r\u1ea5t nhi\u1ec1u c\u01a1 h\u1ed9i giao d\u1ecbch.\r\n\r\n.\r\n\r\n<center><a class=\"open\" href=\"\/regVI\/xm\" target=\"_blank\" rel=\"nofollow noopener noreferrer\">Truy c\u1eadp Trang XM!<\/a><\/center>[\/vc_column_text][vc_column_text]\r\n<div class=\"retitle\">\r\n<h4>Ch\u00eanh l\u1ec7ch<span class=\"score\"> 9.9\/10 <img decoding=\"async\" class=\"usr lazyload\" data-src=\"https:\/\/www.realforexreviews.com\/wp-content\/plugins\/universal-star-rating\/includes\/image.php?img=06.png&amp;px=20&amp;max=5&amp;rat=5\" alt=\"5 out of 5 stars\" style=\"height: 20px !important;\" src=\"data:image\/svg+xml;base64,PHN2ZyB3aWR0aD0iMSIgaGVpZ2h0PSIxIiB4bWxucz0iaHR0cDovL3d3dy53My5vcmcvMjAwMC9zdmciPjwvc3ZnPg==\" \/><\/span><\/h4>\r\n<\/div>\r\nCh\u00eanh l\u1ec7ch c\u1ea1nh tranh l\u00e0 m\u1ed9t trong s\u1ed1 nh\u1eefng l\u1ee3i th\u1ebf m\u1ea1nh nh\u1ea5t c\u1ee7a XM. Ch\u1eb3ng h\u1ea1n, ch\u00eanh l\u1ec7ch \u0111\u1ed1i v\u1edbi c\u1eb7p t\u1ef7 gi\u00e1 EUR\/USD l\u00e0 1 pip.[\/vc_column_text][vc_column_text]\r\n<div class=\"retitle\">\r\n<h4>C\u00e1c Ph\u01b0\u01a1ng th\u1ee9c Thanh to\u00e1n<span class=\"score\"> 10\/10 <img decoding=\"async\" class=\"usr lazyload\" data-src=\"https:\/\/www.realforexreviews.com\/wp-content\/plugins\/universal-star-rating\/includes\/image.php?img=06.png&amp;px=20&amp;max=5&amp;rat=5\" alt=\"5 out of 5 stars\" style=\"height: 20px !important;\" src=\"data:image\/svg+xml;base64,PHN2ZyB3aWR0aD0iMSIgaGVpZ2h0PSIxIiB4bWxucz0iaHR0cDovL3d3dy53My5vcmcvMjAwMC9zdmciPjwvc3ZnPg==\" \/><\/span><\/h4>\r\n<\/div>\r\nH\u1ecd ch\u1ea5p nh\u1eadn nhi\u1ec1u ph\u01b0\u01a1ng th\u1ee9c thanh to\u00e1n kh\u00e1c nhau, bao g\u1ed3m th\u1ebb t\u00edn d\u1ee5ng, thanh to\u00e1n \u0111i\u1ec7n t\u1eed, \u0110i\u1ec7n chuy\u1ec3n kho\u1ea3n Ng\u00e2n h\u00e0ng v\u00e0 Chuy\u1ec3n kho\u1ea3n Ng\u00e2n h\u00e0ng N\u1ed9i \u0111\u1ecba.\r\n\r\n<div id=\"attachment_64596\" style=\"width: 1228px\" class=\"wp-caption aligncenter\"><a href=\"\/regVI\/xm\"><img decoding=\"async\" aria-describedby=\"caption-attachment-64596\" class=\"size-full wp-image-64596 lazyload\" data-src=\"https:\/\/www.realforexreviews.com\/wp-content\/smush-webp\/2020\/09\/Cac-phuong-thuc-thanh-toan-XM-1.jpg.webp\" alt=\"C\u00e1c ph\u01b0\u01a1ng th\u1ee9c thanh to\u00e1n XM\" width=\"1218\" height=\"1586\" data-srcset=\"https:\/\/www.realforexreviews.com\/wp-content\/smush-webp\/2020\/09\/Cac-phuong-thuc-thanh-toan-XM-1.jpg.webp 1218w, https:\/\/www.realforexreviews.com\/wp-content\/smush-webp\/2020\/09\/Cac-phuong-thuc-thanh-toan-XM-1-230x300.jpg.webp 230w, https:\/\/www.realforexreviews.com\/wp-content\/smush-webp\/2020\/09\/Cac-phuong-thuc-thanh-toan-XM-1-786x1024.jpg.webp 786w, https:\/\/www.realforexreviews.com\/wp-content\/smush-webp\/2020\/09\/Cac-phuong-thuc-thanh-toan-XM-1-768x1000.jpg.webp 768w, https:\/\/www.realforexreviews.com\/wp-content\/smush-webp\/2020\/09\/Cac-phuong-thuc-thanh-toan-XM-1-1180x1536.jpg.webp 1180w, https:\/\/www.realforexreviews.com\/wp-content\/smush-webp\/2020\/09\/Cac-phuong-thuc-thanh-toan-XM-1-1573x2048.jpg.webp 1573w, https:\/\/www.realforexreviews.com\/wp-content\/smush-webp\/2020\/09\/Cac-phuong-thuc-thanh-toan-XM-1-38x50.jpg.webp 38w, https:\/\/www.realforexreviews.com\/wp-content\/smush-webp\/2020\/09\/Cac-phuong-thuc-thanh-toan-XM-1-788x1026.jpg.webp 788w\" data-sizes=\"(max-width: 1218px) 100vw, 1218px\" src=\"data:image\/svg+xml;base64,PHN2ZyB3aWR0aD0iMSIgaGVpZ2h0PSIxIiB4bWxucz0iaHR0cDovL3d3dy53My5vcmcvMjAwMC9zdmciPjwvc3ZnPg==\" style=\"--smush-placeholder-width: 1218px; --smush-placeholder-aspect-ratio: 1218\/1586;\" \/><\/a><p id=\"caption-attachment-64596\" class=\"wp-caption-text\">C\u00e1c ph\u01b0\u01a1ng th\u1ee9c thanh to\u00e1n XM<\/p><\/div>\r\n\r\n<center><a class=\"open\" href=\"\/regVI\/xm\" target=\"_blank\" rel=\"nofollow noopener noreferrer\">Truy c\u1eadp Trang XM!<\/a><\/center>[\/vc_column_text][vc_column_text]\r\n<div class=\"retitle\">\r\n<h4>Th\u1eddi gian r\u00fat ti\u1ec1n<span class=\"score\"> 10\/10 <img decoding=\"async\" class=\"usr lazyload\" data-src=\"https:\/\/www.realforexreviews.com\/wp-content\/plugins\/universal-star-rating\/includes\/image.php?img=06.png&amp;px=20&amp;max=5&amp;rat=5\" alt=\"5 out of 5 stars\" style=\"height: 20px !important;\" src=\"data:image\/svg+xml;base64,PHN2ZyB3aWR0aD0iMSIgaGVpZ2h0PSIxIiB4bWxucz0iaHR0cDovL3d3dy53My5vcmcvMjAwMC9zdmciPjwvc3ZnPg==\" \/><\/span><\/h4>\r\n<\/div>\r\nC\u00e1c y\u00eau c\u1ea7u r\u00fat ti\u1ec1n \u0111\u01b0\u1ee3c x\u1eed l\u00fd trong v\u00f2ng 24 gi\u1edd \u0111\u1ed1i v\u1edbi c\u00e1c t\u00e0i kho\u1ea3n \u0111\u00e3 \u0111\u01b0\u1ee3c x\u00e1c th\u1ef1c. Tr\u00ean th\u1ef1c t\u1ebf, khi ch\u00fang t\u00f4i th\u1ef1c hi\u1ec7n ki\u1ec3m tra, y\u00eau c\u1ea7u c\u1ee7a ch\u00fang t\u00f4i \u0111\u00e3 \u0111\u01b0\u1ee3c ho\u00e0n t\u1ea5t v\u00e0o c\u00f9ng ng\u00e0y.[\/vc_column_text][vc_column_text]\r\n<div class=\"retitle\">\r\n<h4>H\u1ed7 tr\u1ee3 kh\u00e1ch h\u00e0ng<span class=\"score\"> 9\/10 <img decoding=\"async\" class=\"usr lazyload\" data-src=\"https:\/\/www.realforexreviews.com\/wp-content\/plugins\/universal-star-rating\/includes\/image.php?img=06.png&amp;px=20&amp;max=5&amp;rat=4.5\" alt=\"4.5 out of 5 stars\" style=\"height: 20px !important;\" src=\"data:image\/svg+xml;base64,PHN2ZyB3aWR0aD0iMSIgaGVpZ2h0PSIxIiB4bWxucz0iaHR0cDovL3d3dy53My5vcmcvMjAwMC9zdmciPjwvc3ZnPg==\" \/><\/span><\/h4>\r\n<\/div>\r\nB\u1ea1n c\u00f3 th\u1ec3 li\u00ean h\u1ec7 v\u1edbi h\u1ecd qua \u0111i\u1ec7n tho\u1ea1i, email ho\u1eb7c tr\u00f2 chuy\u1ec7n tr\u1ef1c tuy\u1ebfn v\u00e0 h\u1ecd c\u00f3 nh\u00e2n vi\u00ean h\u1ed7 tr\u1ee3 n\u00f3i ti\u1ebfng Vi\u1ec7t. N\u00f3i chung, h\u1ecd ph\u1ea3n h\u1ed3i r\u1ea5t nhanh v\u00e0 tr\u1ef1c ti\u1ebfp.\r\n\r\n<div id=\"attachment_64583\" style=\"width: 1268px\" class=\"wp-caption aligncenter\"><a href=\"\/regVI\/xm\"><img decoding=\"async\" aria-describedby=\"caption-attachment-64583\" class=\"size-full wp-image-64583 lazyload\" data-src=\"https:\/\/www.realforexreviews.com\/wp-content\/smush-webp\/2020\/09\/Ho-tro-khach-hang-cua-XM-1.jpg.webp\" alt=\"H\u1ed7 tr\u1ee3 kh\u00e1ch h\u00e0ng c\u1ee7a X\" width=\"1258\" height=\"2102\" data-srcset=\"https:\/\/www.realforexreviews.com\/wp-content\/smush-webp\/2020\/09\/Ho-tro-khach-hang-cua-XM-1.jpg.webp 1258w, https:\/\/www.realforexreviews.com\/wp-content\/smush-webp\/2020\/09\/Ho-tro-khach-hang-cua-XM-1-180x300.jpg.webp 180w, https:\/\/www.realforexreviews.com\/wp-content\/smush-webp\/2020\/09\/Ho-tro-khach-hang-cua-XM-1-613x1024.jpg.webp 613w, https:\/\/www.realforexreviews.com\/wp-content\/smush-webp\/2020\/09\/Ho-tro-khach-hang-cua-XM-1-768x1283.jpg.webp 768w, https:\/\/www.realforexreviews.com\/wp-content\/smush-webp\/2020\/09\/Ho-tro-khach-hang-cua-XM-1-919x1536.jpg.webp 919w, https:\/\/www.realforexreviews.com\/wp-content\/smush-webp\/2020\/09\/Ho-tro-khach-hang-cua-XM-1-1226x2048.jpg.webp 1226w, https:\/\/www.realforexreviews.com\/wp-content\/smush-webp\/2020\/09\/Ho-tro-khach-hang-cua-XM-1-30x50.jpg.webp 30w, https:\/\/www.realforexreviews.com\/wp-content\/smush-webp\/2020\/09\/Ho-tro-khach-hang-cua-XM-1-788x1316.jpg.webp 788w\" data-sizes=\"(max-width: 1258px) 100vw, 1258px\" src=\"data:image\/svg+xml;base64,PHN2ZyB3aWR0aD0iMSIgaGVpZ2h0PSIxIiB4bWxucz0iaHR0cDovL3d3dy53My5vcmcvMjAwMC9zdmciPjwvc3ZnPg==\" style=\"--smush-placeholder-width: 1258px; --smush-placeholder-aspect-ratio: 1258\/2102;\" \/><\/a><p id=\"caption-attachment-64583\" class=\"wp-caption-text\">H\u1ed7 tr\u1ee3 kh\u00e1ch h\u00e0ng c\u1ee7a XM<\/p><\/div>\r\n\r\n[\/vc_column_text][vc_column_text]\r\n<div class=\"retitle\">\r\n<h4>D\u1eef li\u1ec7u th\u1ecb tr\u01b0\u1eddng<span class=\"score\"> 9.5\/10 <img decoding=\"async\" class=\"usr lazyload\" data-src=\"https:\/\/www.realforexreviews.com\/wp-content\/plugins\/universal-star-rating\/includes\/image.php?img=06.png&amp;px=20&amp;max=5&amp;rat=4.8\" alt=\"4.8 out of 5 stars\" style=\"height: 20px !important;\" src=\"data:image\/svg+xml;base64,PHN2ZyB3aWR0aD0iMSIgaGVpZ2h0PSIxIiB4bWxucz0iaHR0cDovL3d3dy53My5vcmcvMjAwMC9zdmciPjwvc3ZnPg==\" \/><\/span><\/h4>\r\n<\/div>\r\nM\u1ed9t v\u00e0i cu\u1ed9c ki\u1ec3m tra \u0111\u00e3 \u0111\u01b0\u1ee3c th\u1ef1c hi\u1ec7n v\u1edbi c\u00e1c n\u1ec1n t\u1ea3ng c\u1ee7a h\u1ecd v\u00e0 tin t\u1ed1t \u0111\u00f3 l\u00e0 kh\u00f4ng c\u00f3 d\u1ea5u hi\u1ec7u n\u00e0o v\u1ec1 s\u1ef1 ch\u1eadm tr\u1ec5 ho\u1eb7c thao t\u00fang v\u1edbi gi\u00e1 th\u1ecb tr\u01b0\u1eddng.[\/vc_column_text][vc_column_text]\r\n<div class=\"retitle\">\r\n<h4>S\u1ef1 uy t\u00edn<span class=\"score\"> 8.8\/10 <img decoding=\"async\" class=\"usr lazyload\" data-src=\"https:\/\/www.realforexreviews.com\/wp-content\/plugins\/universal-star-rating\/includes\/image.php?img=06.png&amp;px=20&amp;max=5&amp;rat=4.4\" alt=\"4.4 out of 5 stars\" style=\"height: 20px !important;\" src=\"data:image\/svg+xml;base64,PHN2ZyB3aWR0aD0iMSIgaGVpZ2h0PSIxIiB4bWxucz0iaHR0cDovL3d3dy53My5vcmcvMjAwMC9zdmciPjwvc3ZnPg==\" \/><\/span><\/h4>\r\n<\/div>\r\nNgo\u00e0i vi\u1ec7c \u0111\u01b0\u1ee3c qu\u1ea3n l\u00fd, h\u1ecd l\u00e0 m\u1ed9t trong s\u1ed1 nh\u1eefng l\u1ef1a ch\u1ecdn h\u00e0ng \u0111\u1ea7u c\u1ee7a nhi\u1ec1u nh\u00e0 giao d\u1ecbch Vi\u1ec7t nam tr\u00ean to\u00e0n th\u1ebf gi\u1edbi d\u1ef1a tr\u00ean nghi\u00ean c\u1ee9u s\u00e2u r\u1ed9ng c\u1ee7a ch\u00fang t\u00f4i.\r\n\r\n[\/vc_column_text][vc_column_text]\r\n<table width=\"100%\">\r\n<tbody>\r\n<tr>\r\n<td style=\"background-image:inherit; background-repeat: no-repeat; background-position: left;\" height=\"200\" data-bg-image=\"url(&#039;https:\/\/www.realforexreviews.com\/wp-content\/smush-webp\/2020\/03\/trading-background2.jpg.webp&#039;)\" class=\"lazyload\"><img decoding=\"async\" data-src=\"\/wp-content\/images\/header\/xm.png\" alt=\"xm logo\" src=\"data:image\/svg+xml;base64,PHN2ZyB3aWR0aD0iMSIgaGVpZ2h0PSIxIiB4bWxucz0iaHR0cDovL3d3dy53My5vcmcvMjAwMC9zdmciPjwvc3ZnPg==\" class=\"lazyload\" style=\"--smush-placeholder-width: 150px; --smush-placeholder-aspect-ratio: 150\/40;\" \/><\/td>\r\n<\/tr>\r\n<tr>\r\n<td style=\"text-align: left; padding: 0px 30px 30px 30px; background-color: #f3f3f3;\">\r\n<div id=\"conclusion\" class=\"retitle\">\r\n<h4>Ph\u1ea7n k\u1ebft lu\u1eadn<span class=\"score\"> 9.2\/10 <img decoding=\"async\" class=\"usr lazyload\" data-src=\"https:\/\/www.realforexreviews.com\/wp-content\/plugins\/universal-star-rating\/includes\/image.php?img=06.png&amp;px=20&amp;max=5&amp;rat=4.6\" alt=\"4.6 out of 5 stars\" style=\"height: 20px !important;\" src=\"data:image\/svg+xml;base64,PHN2ZyB3aWR0aD0iMSIgaGVpZ2h0PSIxIiB4bWxucz0iaHR0cDovL3d3dy53My5vcmcvMjAwMC9zdmciPjwvc3ZnPg==\" \/><\/span><\/h4>\r\n<\/div>\r\nC\u00f3 nhi\u1ec1u l\u00fd do thuy\u1ebft ph\u1ee5c kh\u00e1c ch\u1ee9ng minh t\u1ea1i sao XM n\u1eb1m trong danh s\u00e1ch c\u00e1c nh\u00e0 m\u00f4i gi\u1edbi \u0111\u01b0\u1ee3c khuy\u1ebfn ngh\u1ecb m\u1ea1nh m\u1ebd.\r\n\r\nH\u00e0ng lo\u1ea1t c\u00f4ng c\u1ee5 c\u00f3 th\u1ec3 giao d\u1ecbch, l\u1ef1a ch\u1ecdn c\u00e1c n\u1ec1n t\u1ea3ng giao d\u1ecbch tr\u1ef1c tuy\u1ebfn, vi\u1ec7c x\u1eed l\u00fd nhanh y\u00eau c\u1ea7u r\u00fat ti\u1ec1n, c\u00e1c \u0111i\u1ec1u ki\u1ec7n giao d\u1ecbch mang t\u00ednh linh ho\u1ea1t cao v\u00e0 d\u1ecbch v\u1ee5 kh\u00e1ch h\u00e0ng h\u1ea1ng nh\u1ea5t ch\u1ec9 l\u00e0 m\u1ed9t s\u1ed1 l\u1ee3i th\u1ebf l\u00e0m cho h\u1ecd tr\u1edf th\u00e0nh l\u1ef1a ch\u1ecdn tuy\u1ec7t v\u1eddi cho b\u1ea5t k\u1ef3 nh\u00e0 giao d\u1ecbch forex v\u00e0 CFD n\u00e0o<span style=\"font-family: inherit; font-size: inherit;\">.<\/span>\r\n\r\n&nbsp;\r\n\r\n<center><a class=\"open\" href=\"\/regVI\/xm\" target=\"_blank\" rel=\"nofollow noopener noreferrer\">M\u1edf m\u1ed9t t\u00e0i kho\u1ea3n v\u1edbi XM!<\/a><\/center><\/td>\r\n<\/tr>\r\n<\/tbody>\r\n<\/table>\r\n[\/vc_column_text][vc_column_text]\r\n\r\n<center><a href=\"https:\/\/clicks.pipaffiliates.com\/c?m=7963&amp;c=547189\"><img fetchpriority=\"high\" decoding=\"async\" src=\"https:\/\/ads.pipaffiliates.com\/i\/7963?c=547189\" alt=\"XM banner\" width=\"728\" height=\"90\" \/><\/a><\/center>[\/vc_column_text][vc_raw_html]JTNDaWZyYW1lJTIwc3R5bGUlM0QlMjJ2aXNpYmlsaXR5JTNBJTIwaGlkZGVuJTNCJTIyJTIwc3JjJTNEJTIyaHR0cHMlM0ElMkYlMkZjbGlja3MucGlwYWZmaWxpYXRlcy5jb20lMkZjJTNGYyUzRDI1NzQxOSUyNmwlM0R2aSUyNnAlM0QwJTIyJTIwd2lkdGglM0QlMjIxJTIyJTIwaGVpZ2h0JTNEJTIyMSUyMiUzRSUzQyUyRmlmcmFtZSUzRQ==[\/vc_raw_html][\/vc_column][\/vc_row]","protected":false},"excerpt":{"rendered":"[vc_row][vc_column][vc_column_text] [\/vc_column_text][vc_column_text] Gi\u1edbi thi\u1ec7u ho\u1eb7c H\u00e3y b\u1ecf qua N\u1ed9i dung v\u00e0 \u0110\u1ecdc K\u1ebft lu\u1eadn! XM l\u00e0 nh\u00e0 m\u00f4i gi\u1edbi \u0111\u01b0\u1ee3c k\u00ednh tr\u1ecdng nh\u1edd vi\u1ec7c cung c\u1ea5p h\u00e0ng lo\u1ea1t n\u1ec1n t\u1ea3ng MT4 tr\u00ean nhi\u1ec1u m\u00e1y tr\u1ea1m kh\u00e1c nhau. Giao d\u1ecbch v\u1edbi h\u1ecd c\u00f3 l\u00fd t\u01b0\u1edfng kh\u00f4ng? Ch\u00fang ta h\u00e3y c\u00f9ng t\u00ecm hi\u1ec3u trong \u0111\u00e1nh gi\u00e1 n\u00e0y. [&hellip;]","protected":false},"author":57,"featured_media":50689,"parent":59277,"menu_order":0,"comment_status":"open","ping_status":"closed","template":"","meta":{"_acf_changed":false,"footnotes":""},"class_list":["post-59649","page","type-page","status-publish","has-post-thumbnail","hentry"],"acf":[],"aioseo_notices":[],"_links":{"self":[{"href":"https:\/\/www.realforexreviews.com\/vi\/wp-json\/wp\/v2\/pages\/59649","targetHints":{"allow":["GET"]}}],"collection":[{"href":"https:\/\/www.realforexreviews.com\/vi\/wp-json\/wp\/v2\/pages"}],"about":[{"href":"https:\/\/www.realforexreviews.com\/vi\/wp-json\/wp\/v2\/types\/page"}],"author":[{"embeddable":true,"href":"https:\/\/www.realforexreviews.com\/vi\/wp-json\/wp\/v2\/users\/57"}],"replies":[{"embeddable":true,"href":"https:\/\/www.realforexreviews.com\/vi\/wp-json\/wp\/v2\/comments?post=59649"}],"version-history":[{"count":15,"href":"https:\/\/www.realforexreviews.com\/vi\/wp-json\/wp\/v2\/pages\/59649\/revisions"}],"predecessor-version":[{"id":71033,"href":"https:\/\/www.realforexreviews.com\/vi\/wp-json\/wp\/v2\/pages\/59649\/revisions\/71033"}],"up":[{"embeddable":true,"href":"https:\/\/www.realforexreviews.com\/vi\/wp-json\/wp\/v2\/pages\/59277"}],"wp:featuredmedia":[{"embeddable":true,"href":"https:\/\/www.realforexreviews.com\/vi\/wp-json\/wp\/v2\/media\/50689"}],"wp:attachment":[{"href":"https:\/\/www.realforexreviews.com\/vi\/wp-json\/wp\/v2\/media?parent=59649"}],"curies":[{"name":"wp","href":"https:\/\/api.w.org\/{rel}","templated":true}]}}