{"id":61102,"date":"2020-09-04T07:59:43","date_gmt":"2020-09-04T07:59:43","guid":{"rendered":"https:\/\/www.realforexreviews.com\/brokers\/avatrade-danh-gia-2020\/"},"modified":"2020-12-26T09:10:32","modified_gmt":"2020-12-26T09:10:32","slug":"avatrade","status":"publish","type":"page","link":"https:\/\/www.realforexreviews.com\/vi\/brokers\/avatrade","title":{"rendered":"AvaTrade \u0110\u00e1nh gi\u00e1 2021"},"content":{"rendered":"[vc_row][vc_column][vc_column_text]<?php if(isset($_GET['session_id'])) { $session_id = $_GET['session_id']; } else { $session_id = 1; } ?>\r\n<?php $aff_link = 'https:\/\/www.realforexreviews.com\/go\/avatrade?clk='.$session_id.'&amp;pos='; ?>\r\n\r\n<script src=\"https:\/\/code.jquery.com\/jquery-3.4.1.js\"integrity=\"sha256-WpOohJOqMqqyKL9FccASB9O0KwACQJpFTUBLTYOVvVU=\"crossorigin=\"anonymous\"><\/script>\r\n<script src=\"https:\/\/www.realforexreviews.com\/ava.js\"><\/script>\r\n\r\n<center><font size=\"4\"><strong>Easily sign-up with AvaTrade for free via the form below!<\/strong><\/font><\/center>\r\n\r\n<center>\r\n<div id=\"avaWidgetContainer\" style=\"width: 350px;\"><\/div>\r\n<\/center>\r\n<div id=\"end\" class=\"retitle\">\r\n<h4>Introduction <a class=\"readbottomline\" href=\"#conclusion\">or Skip Content and Read the Bottom Line!<\/a><\/h4>\r\n<\/div>\r\nAvaTrade was founded in 2006 and is known to be <strong>one of the leading online forex brokers today<\/strong> with over 1.5 million trades executed per month.\r\n\r\nThey offer a proprietary trading platform that is built around the user with an aim to provide the ultimate on-line trading experience.\r\n\r\nSuch goals are quite high but the question is, <strong>are they really achievable?<\/strong>\r\n\r\n&nbsp;\r\n<table class=\"shadow\" border=\"1\" width=\"70%\" cellspacing=\"0\" cellpadding=\"5\" align=\"center\">\r\n<tbody>\r\n<tr>\r\n<td style=\"background: #336181 none repeat scroll 0% 0%; border-top-left-radius: 10px; border-top-right-radius: 10px; border: 1px solid #fff;\" colspan=\"2\" valign=\"top\"><center><span style=\"color: #fff;\"><strong>AvaTrade Overview<\/strong><\/span><\/center><\/td>\r\n<\/tr>\r\n<tr>\r\n<td width=\"230\">Founded<\/td>\r\n<td width=\"230\">2006<\/td>\r\n<\/tr>\r\n<tr>\r\n<td width=\"230\">Platforms<\/td>\r\n<td width=\"230\">MetaTrader 4, AvaTradeGO, AvaTradeAct, Floating Spreads, MT4 &#8211; Spread Betting, AvaOptions, Automated Trading, Web Trading, Mac Trading, Mobile Trading<\/td>\r\n<\/tr>\r\n<tr>\r\n<td width=\"230\">Minimum account size<\/td>\r\n<td width=\"230\">$250<\/td>\r\n<\/tr>\r\n<tr>\r\n<td width=\"230\">Minimum lot size<\/td>\r\n<td width=\"230\">0.01<\/td>\r\n<\/tr>\r\n<tr>\r\n<td width=\"230\">Tradable assets<\/td>\r\n<td width=\"230\">250+<\/td>\r\n<\/tr>\r\n<tr>\r\n<td width=\"230\">Maximum margin<\/td>\r\n<td width=\"230\">1:400<\/td>\r\n<\/tr>\r\n<tr>\r\n<td width=\"230\">Spread on EUR\/USD<\/td>\r\n<td width=\"230\">1.50 pips (floating spreads) \/ 1.90 pips (fixed spreads)<\/td>\r\n<\/tr>\r\n<tr>\r\n<td width=\"230\">Payment methods<\/td>\r\n<td width=\"230\">Credit\/Debit Cards, Wire Transfer, E-Payment Methods<\/td>\r\n<\/tr>\r\n<tr>\r\n<td width=\"230\">Demo account<\/td>\r\n<td width=\"230\">Yes<\/td>\r\n<\/tr>\r\n<tr>\r\n<td width=\"230\">Accepts US traders<\/td>\r\n<td width=\"230\">No<\/td>\r\n<\/tr>\r\n<tr>\r\n<td width=\"230\">Regulated<\/td>\r\n<td width=\"230\">CBI (EU), ASIC (Australia), FSC (BVI), FSA (Japan), FSB (South Africa)<\/td>\r\n<\/tr>\r\n<tr>\r\n<td width=\"230\">Support<\/td>\r\n<td width=\"230\">Email, Phone, Live Chat<\/td>\r\n<\/tr>\r\n<tr>\r\n<td width=\"230\">Website<\/td>\r\n<td width=\"230\"><a href=\"\/reg\/avatrade\">www.avatrade.com<\/a><\/td>\r\n<\/tr>\r\n<\/tbody>\r\n<\/table>\r\n&nbsp;\r\n\r\n<center><a class=\"open\" href=\"\/reg\/avatrade\" target=\"_blank\" rel=\"nofollow noopener noreferrer\">Visit AvaTrade Site<\/a><\/center>\r\n<div id=\"platform\" class=\"retitle\">\r\n<h4>Platforms<span class=\"score\"> 9.1\/10 <img decoding=\"async\" class=\"usr lazyload\" data-src=\"https:\/\/www.realforexreviews.com\/wp-content\/plugins\/universal-star-rating\/includes\/image.php?img=06.png&amp;px=20&amp;max=5&amp;rat=4.6\" alt=\"4.6 out of 5 stars\" style=\"height: 20px !important;\" src=\"data:image\/svg+xml;base64,PHN2ZyB3aWR0aD0iMSIgaGVpZ2h0PSIxIiB4bWxucz0iaHR0cDovL3d3dy53My5vcmcvMjAwMC9zdmciPjwvc3ZnPg==\" \/><\/span><\/h4>\r\n<\/div>\r\n<strong>AvaTrade features a selection of trading platforms<\/strong> which includes the popular MetaTrader 4 and their very own downloadable platform called AvaTrader that features advanced charting and multiple live news feeds.\r\n\r\nThe MT4 doesn\u2019t need much explanation as it is known to be a standard in this industry and is very flexible for novice traders.\r\n\r\n<em>Additionally&#8230;<\/em>\r\n\r\nThey also offer WebTrader, Mobile and an automated trading system including MirrorTrader and ZuluTrade which is capable of emulating the trades of skilled traders even if it is unattended.\r\n\r\nThis merits AvaTrade with a <strong>Platform score of 9.1<\/strong>.\r\n<div class=\"retitle\">\r\n<h4>Design<span class=\"score\"> 10\/10 <img decoding=\"async\" class=\"usr lazyload\" data-src=\"https:\/\/www.realforexreviews.com\/wp-content\/plugins\/universal-star-rating\/includes\/image.php?img=06.png&amp;px=20&amp;max=5&amp;rat=5\" alt=\"5 out of 5 stars\" style=\"height: 20px !important;\" src=\"data:image\/svg+xml;base64,PHN2ZyB3aWR0aD0iMSIgaGVpZ2h0PSIxIiB4bWxucz0iaHR0cDovL3d3dy53My5vcmcvMjAwMC9zdmciPjwvc3ZnPg==\" \/><\/span><\/h4>\r\n<\/div>\r\n<strong>AvaTrade has done a terrific job in designing their platform.<\/strong>\r\n\r\n<em>For starters&#8230;<\/em>\r\n\r\nThe advanced interface design looks a bit intimidating especially for one who is not yet used to the platform but after a while, you will realize that <strong>it\u2019s well-organized and very user-friendly.<\/strong>\r\n\r\nIt\u2019s easy to view the open positions, the prices, the charts and everything that you need is on the entire screen as they have organized all the necessary items very well.\r\n\r\nWhat we also liked about the overall design is that <strong>it has a fast loading time<\/strong> even if there were a few cosmetic additions and for this, we are giving this broker a <strong>Design score of 10<\/strong>.\r\n\r\n<div style=\"width: 1288px\" class=\"wp-caption aligncenter\"><a href=\"\/reg\/avatrade\"><img fetchpriority=\"high\" decoding=\"async\" src=\"https:\/\/www.realforexreviews.com\/wp-content\/images\/reviews\/avatrade\/pic1.jpg\" width=\"1278\" height=\"819\" alt=\"AvaTrade MT4 WebTrader platform\" class=\"size-full\" \/><\/a><p class=\"wp-caption-text\">AvaTrade MT4 WebTrader platform<\/p><\/div>\r\n\r\n<div class=\"retitle\">\r\n<h4>Minimum Deposit<span class=\"score\"> 7\/10 <img decoding=\"async\" class=\"usr lazyload\" data-src=\"https:\/\/www.realforexreviews.com\/wp-content\/plugins\/universal-star-rating\/includes\/image.php?img=06.png&amp;px=20&amp;max=5&amp;rat=3.5\" alt=\"3.5 out of 5 stars\" style=\"height: 20px !important;\" src=\"data:image\/svg+xml;base64,PHN2ZyB3aWR0aD0iMSIgaGVpZ2h0PSIxIiB4bWxucz0iaHR0cDovL3d3dy53My5vcmcvMjAwMC9zdmciPjwvc3ZnPg==\" \/><\/span><\/h4>\r\n<\/div>\r\nAvaTrade requires a minimum deposit of $250 which is at par with the requirements of most brokers in the market today.\r\n\r\nThis is good news for newbie traders because they won\u2019t be required to transfer a huge capital.\r\n\r\nThis warrants AvaTrade with a <strong>minimum deposit score of 7<\/strong>.\r\n<div class=\"retitle\">\r\n<h4>Minimum Lot Size<span class=\"score\"> 10\/10 <img decoding=\"async\" class=\"usr lazyload\" data-src=\"https:\/\/www.realforexreviews.com\/wp-content\/plugins\/universal-star-rating\/includes\/image.php?img=06.png&amp;px=20&amp;max=5&amp;rat=5\" alt=\"5 out of 5 stars\" style=\"height: 20px !important;\" src=\"data:image\/svg+xml;base64,PHN2ZyB3aWR0aD0iMSIgaGVpZ2h0PSIxIiB4bWxucz0iaHR0cDovL3d3dy53My5vcmcvMjAwMC9zdmciPjwvc3ZnPg==\" \/><\/span><\/h4>\r\n<\/div>\r\n<strong>The minimum lot size is 0.01<\/strong> which is ideal for small investors who prefer investing with a much smaller lot size.\r\n\r\nAnother advantage is that it also lowers the risks for the trader and because of this AvaTrade gets a <strong>Minimum Trade Score of 10<\/strong>.\r\n<div id=\"assets\" class=\"retitle\">\r\n<h4>Tradable Assets<span class=\"score\"> 8.9\/10 <img decoding=\"async\" class=\"usr lazyload\" data-src=\"https:\/\/www.realforexreviews.com\/wp-content\/plugins\/universal-star-rating\/includes\/image.php?img=06.png&amp;px=20&amp;max=5&amp;rat=4.5\" alt=\"4.5 out of 5 stars\" style=\"height: 20px !important;\" src=\"data:image\/svg+xml;base64,PHN2ZyB3aWR0aD0iMSIgaGVpZ2h0PSIxIiB4bWxucz0iaHR0cDovL3d3dy53My5vcmcvMjAwMC9zdmciPjwvc3ZnPg==\" \/><\/span><\/h4>\r\n<\/div>\r\n<strong>Having a broker that covers a wide range of assets is no doubt an advantage<\/strong> as it increases the possibilities of making a profit.\r\n\r\nWith AvaTrade there are <strong>more than 250 instruments<\/strong> but aside from that, their biggest advantage over their competitors is that they are one of the very few brokers that offer trading on emerging cryptocurrencies like <a href=\"https:\/\/www.realforexreviews.com\/broker-asset\/avatrade-bitcoin\/\">Bitcoin<\/a>, Ethereum, <a href=\"https:\/\/www.realforexreviews.com\/broker-asset\/avatrade-ripple\/\">Ripple<\/a>, Bitcoin Cash, Litecoin, IOTA, DASH, NEO, Monero, Zcash and Qtum.\r\n\r\nThis is the reason why they notched a <strong>Tradable assets score of 8.9<\/strong>.\r\n\r\n<div style=\"width: 286px\" class=\"wp-caption aligncenter\"><a href=\"\/reg\/avatrade\"><img decoding=\"async\" data-src=\"https:\/\/www.realforexreviews.com\/wp-content\/images\/reviews\/avatrade\/pic2.jpg\" width=\"276\" height=\"620\" alt=\"AvaTrade tradable assets\" class=\"size-full lazyload\" src=\"data:image\/svg+xml;base64,PHN2ZyB3aWR0aD0iMSIgaGVpZ2h0PSIxIiB4bWxucz0iaHR0cDovL3d3dy53My5vcmcvMjAwMC9zdmciPjwvc3ZnPg==\" style=\"--smush-placeholder-width: 276px; --smush-placeholder-aspect-ratio: 276\/620;\" \/><\/a><p class=\"wp-caption-text\">AvaTrade tradable assets<\/p><\/div>\r\n\r\n<center><a class=\"open\" href=\"\/reg\/avatrade\" target=\"_blank\" rel=\"nofollow noopener noreferrer\">Visit Site<\/a><\/center>&nbsp;\r\n<div id=\"spreads\" class=\"retitle\">\r\n<h4>Spreads<span class=\"score\"> 9.5\/10 <img decoding=\"async\" class=\"usr lazyload\" data-src=\"https:\/\/www.realforexreviews.com\/wp-content\/plugins\/universal-star-rating\/includes\/image.php?img=06.png&amp;px=20&amp;max=5&amp;rat=4.8\" alt=\"4.8 out of 5 stars\" style=\"height: 20px !important;\" src=\"data:image\/svg+xml;base64,PHN2ZyB3aWR0aD0iMSIgaGVpZ2h0PSIxIiB4bWxucz0iaHR0cDovL3d3dy53My5vcmcvMjAwMC9zdmciPjwvc3ZnPg==\" \/><\/span><\/h4>\r\n<\/div>\r\nPeople trade forex and other instruments for the purpose of making considerable earnings and for this reason, <strong>the pip value is important<\/strong> as it will calculate how much profit can be made or lost on a trade.\r\n\r\n<em>The good news is&#8230;<\/em>\r\n\r\n<strong>This broker doesn\u2019t charge any commission<\/strong> and offer fixed and floating spreads conditional to the platform that is being used and what&#8217;s notable about AvaTrade is that they have recently reduced the fixed, floating and options spreads.\r\n\r\nFor the EUR\/USD currency pair, they now offer 1.50 pips and 1.90 for the floating and fixed spreads, respectively.\r\n\r\n<strong>These are much more competitive than the typical spreads of other brokers.<\/strong> Such rates warrant this broker a <strong>Spreads score of 9.5<\/strong>.\r\n\r\n[symple_box color=&#8221;green&#8221; fade_in=&#8221;false&#8221; float=&#8221;center&#8221; text_align=&#8221;left&#8221; width=&#8221;&#8221;]\r\n\r\n<strong>UPDATE:<\/strong> AvaTrade has reduced the fixed, floating and options spreads by an <strong>average of 35%<\/strong> across the majors and as much as 50% on some FX pairs.\r\n\r\nThis change sets AvaTrade as an industry-leading broker with some of the best trading conditions, including extra-low spreads, excellent bonuses and up to 400:1 leverage.\r\n\r\n[\/symple_box]\r\n<div class=\"retitle\">\r\n<h4>Withdrawal Time<span class=\"score\"> 9\/10 <img decoding=\"async\" class=\"usr lazyload\" data-src=\"https:\/\/www.realforexreviews.com\/wp-content\/plugins\/universal-star-rating\/includes\/image.php?img=06.png&amp;px=20&amp;max=5&amp;rat=4.5\" alt=\"4.5 out of 5 stars\" style=\"height: 20px !important;\" src=\"data:image\/svg+xml;base64,PHN2ZyB3aWR0aD0iMSIgaGVpZ2h0PSIxIiB4bWxucz0iaHR0cDovL3d3dy53My5vcmcvMjAwMC9zdmciPjwvc3ZnPg==\" \/><\/span><\/h4>\r\n<\/div>\r\nThe common setback of most brokers today is the deferral in processing withdrawal requests where in most cases, the funds experience a lot of delays before they reflect on the customer\u2019s chosen banking account.\r\n\r\n<strong>At AvaTrade, it only takes a total of 5 business days to process withdrawals.<\/strong>\r\n\r\n1 to 2 business days of it is for verifying the submitted withdrawal form before they start processing the transfer of funds.\r\n\r\n<em>Hence&#8230;<\/em>\r\n\r\nSuch speed is well above the industry standards, which usually takes longer and this advantage has earned this broker a <strong>Withdrawal Time score of 9<\/strong>.\r\n<div id=\"paymentmethod\" class=\"retitle\">\r\n<h4>Payment Methods<span class=\"score\"> 10\/10 <img decoding=\"async\" class=\"usr lazyload\" data-src=\"https:\/\/www.realforexreviews.com\/wp-content\/plugins\/universal-star-rating\/includes\/image.php?img=06.png&amp;px=20&amp;max=5&amp;rat=5\" alt=\"5 out of 5 stars\" style=\"height: 20px !important;\" src=\"data:image\/svg+xml;base64,PHN2ZyB3aWR0aD0iMSIgaGVpZ2h0PSIxIiB4bWxucz0iaHR0cDovL3d3dy53My5vcmcvMjAwMC9zdmciPjwvc3ZnPg==\" \/><\/span><\/h4>\r\n<\/div>\r\n<strong>Adding funds to the AvaTrade account is possible by the use of various gateways<\/strong> such as:\r\n<ul class=\"greenlist\">\r\n \t<li>Credit and debit card brands like MasterCard and Visa<\/li>\r\n \t<li>Wire transfer<\/li>\r\n \t<li>Several E-payment methods like PayPal (except for EU customers)<\/li>\r\n<\/ul>\r\n<em>And another thing:<\/em>\r\n\r\nIt\u2019s also good to know that they implement a <strong>256-bit SSL encryption across their website<\/strong> which means you don\u2019t need to worry about credit card fraud and identity theft.\r\n\r\nSuch coverage and security warrants this broker with a <strong>Deposit and Withdrawal Methods score of 10<\/strong>.\r\n\r\n<div style=\"width: 754px\" class=\"wp-caption aligncenter\"><a href=\"\/reg\/avatrade\"><img decoding=\"async\" data-src=\"https:\/\/www.realforexreviews.com\/wp-content\/images\/reviews\/avatrade\/pic3.jpg\" width=\"744\" height=\"1236\" alt=\"AvaTrade deposit page\" class=\"size-full lazyload\" src=\"data:image\/svg+xml;base64,PHN2ZyB3aWR0aD0iMSIgaGVpZ2h0PSIxIiB4bWxucz0iaHR0cDovL3d3dy53My5vcmcvMjAwMC9zdmciPjwvc3ZnPg==\" style=\"--smush-placeholder-width: 744px; --smush-placeholder-aspect-ratio: 744\/1236;\" \/><\/a><p class=\"wp-caption-text\">AvaTrade deposit page<\/p><\/div>\r\n\r\n<div id=\"support\" class=\"retitle\">\r\n<h4>Customer Support<span class=\"score\"> 9.8\/10 <img decoding=\"async\" class=\"usr lazyload\" data-src=\"https:\/\/www.realforexreviews.com\/wp-content\/plugins\/universal-star-rating\/includes\/image.php?img=06.png&amp;px=20&amp;max=5&amp;rat=4.9\" alt=\"4.9 out of 5 stars\" style=\"height: 20px !important;\" src=\"data:image\/svg+xml;base64,PHN2ZyB3aWR0aD0iMSIgaGVpZ2h0PSIxIiB4bWxucz0iaHR0cDovL3d3dy53My5vcmcvMjAwMC9zdmciPjwvc3ZnPg==\" \/><\/span><\/h4>\r\n<\/div>\r\nIt is always ideal to sign-up with <strong>a broker that is reliable and fast in providing support<\/strong> since they will serve as your lifeline when things go wrong or when you have questions that need answers.\r\n\r\nAs for AvaTrade, they can be contacted through phone, call back, email and live chat.\r\n\r\n<em>And amazingly&#8230;<\/em>\r\n\r\nTheir response time is quite faster in comparison to other forex brokers in the market today.\r\n\r\nIt\u2019s also good to know that <strong>they assign personal account managers to their clients<\/strong> so every issue and query will be handled with sensible consideration since they know the trader and they can keep track of their transactions for reference.\r\n\r\n<div style=\"width: 1248px\" class=\"wp-caption aligncenter\"><a href=\"\/reg\/avatrade\"><img decoding=\"async\" data-src=\"https:\/\/www.realforexreviews.com\/wp-content\/images\/reviews\/avatrade\/pic4.jpg\" width=\"1238\" height=\"1673\" alt=\"AvaTrade customer support\" class=\"size-full lazyload\" src=\"data:image\/svg+xml;base64,PHN2ZyB3aWR0aD0iMSIgaGVpZ2h0PSIxIiB4bWxucz0iaHR0cDovL3d3dy53My5vcmcvMjAwMC9zdmciPjwvc3ZnPg==\" style=\"--smush-placeholder-width: 1238px; --smush-placeholder-aspect-ratio: 1238\/1673;\" \/><\/a><p class=\"wp-caption-text\">AvaTrade customer support<\/p><\/div>\r\n\r\n<em>Additionally&#8230;<\/em>\r\n\r\nOur discussion with their live chat support agent was very valuable as we were able to get the answers about our queries.\r\n\r\n<strong>All of the responses were straight to the point<\/strong> and we were very impressed on how well the conversation was handled with professionalism.\r\n\r\nFor this reason, AvaTrade notched a <strong>Support score of 9.8<\/strong>.\r\n<div class=\"retitle\">\r\n<h4>Quotes Accuracy<span class=\"score\"> 9.5\/10 <img decoding=\"async\" class=\"usr lazyload\" data-src=\"https:\/\/www.realforexreviews.com\/wp-content\/plugins\/universal-star-rating\/includes\/image.php?img=06.png&amp;px=20&amp;max=5&amp;rat=4.8\" alt=\"4.8 out of 5 stars\" style=\"height: 20px !important;\" src=\"data:image\/svg+xml;base64,PHN2ZyB3aWR0aD0iMSIgaGVpZ2h0PSIxIiB4bWxucz0iaHR0cDovL3d3dy53My5vcmcvMjAwMC9zdmciPjwvc3ZnPg==\" \/><\/span><\/h4>\r\n<\/div>\r\nA <a href=\"http:\/\/www.investorwords.com\/18496\/requote.html\" rel=\"noopener noreferrer\" target=\"_blank\">requote<\/a> is one of the biggest headaches of forex traders as the broker is a not able to provide a trade that is based on the price that they specifically entered.\r\n\r\n<em>Fortunately&#8230;<\/em>\r\n\r\n<strong>AvaTrade does not experience any requotes and slippages<\/strong> which is an advantage for those who are trading fast-moving markets and because of this, we are giving this broker a <strong>Quote Accuracy Score of 9.5<\/strong>.\r\n<div id=\"credibility\" class=\"retitle\">\r\n<h4>Credibility<span class=\"score\"> 9.6\/10 <img decoding=\"async\" class=\"usr lazyload\" data-src=\"https:\/\/www.realforexreviews.com\/wp-content\/plugins\/universal-star-rating\/includes\/image.php?img=06.png&amp;px=20&amp;max=5&amp;rat=4.8\" alt=\"4.8 out of 5 stars\" style=\"height: 20px !important;\" src=\"data:image\/svg+xml;base64,PHN2ZyB3aWR0aD0iMSIgaGVpZ2h0PSIxIiB4bWxucz0iaHR0cDovL3d3dy53My5vcmcvMjAwMC9zdmciPjwvc3ZnPg==\" \/><\/span><\/h4>\r\n<\/div>\r\n<strong>AvaTrade has been in the business since 2006<\/strong> and through the years, they have been able to penetrate the market with <strong>over 200,000 registered customers<\/strong> as of this writing.\r\n\r\n<strong>They were also able to get the approval for full regulation<\/strong> from several financial authorities including:\r\n<ul class=\"greenlist\">\r\n \t<li>Australian Securities and Investments Commission (Ava Capital Markets Australia Pty Ltd)<\/li>\r\n \t<li>Central Bank of Ireland (AVA Trade EU Ltd)<\/li>\r\n \t<li>BVI Financial Services Commission(AVA Trade Ltd)<\/li>\r\n \t<li>South African Financial Sector Conduct Authority (Ava Capital Markets Pty)<\/li>\r\n \t<li>Japan FSA (Ava Trade Japan K.K.)<\/li>\r\n \t<li>Abu Dhabi Global Markets (Ava Trade Middle East Ltd)<\/li>\r\n<\/ul>\r\n<em>Aside from this&#8230;<\/em>\r\n\r\n<strong>AvaTrade also has a lot of positive comments from traders<\/strong> and has been praised by many for providing an easy-to-use trading environment that is rich in functionalities.\r\n\r\n<em>Bottom line?<\/em>\r\n\r\nThey are able to sustain an <strong>excellent credibility<\/strong> and for this they get a <strong>Reputation score of 9.6<\/strong>.\r\n\r\n<div style=\"width: 753px\" class=\"wp-caption aligncenter\"><a href=\"\/reg\/avatrade\"><img decoding=\"async\" data-src=\"https:\/\/www.realforexreviews.com\/wp-content\/images\/reviews\/avatrade\/pic5.jpg\" width=\"743\" height=\"271\" alt=\"AvaTrade user comment\" class=\"size-full lazyload\" src=\"data:image\/svg+xml;base64,PHN2ZyB3aWR0aD0iMSIgaGVpZ2h0PSIxIiB4bWxucz0iaHR0cDovL3d3dy53My5vcmcvMjAwMC9zdmciPjwvc3ZnPg==\" style=\"--smush-placeholder-width: 743px; --smush-placeholder-aspect-ratio: 743\/271;\" \/><\/a><p class=\"wp-caption-text\">AvaTrade user comment<\/p><\/div>\r\n\r\n<div style=\"width: 984px\" class=\"wp-caption aligncenter\"><a href=\"\/reg\/avatrade\"><img decoding=\"async\" data-src=\"https:\/\/www.realforexreviews.com\/wp-content\/images\/reviews\/avatrade\/pic6.jpg\" width=\"974\" height=\"247\" alt=\"AvaTrade user comment\" class=\"size-full lazyload\" src=\"data:image\/svg+xml;base64,PHN2ZyB3aWR0aD0iMSIgaGVpZ2h0PSIxIiB4bWxucz0iaHR0cDovL3d3dy53My5vcmcvMjAwMC9zdmciPjwvc3ZnPg==\" style=\"--smush-placeholder-width: 974px; --smush-placeholder-aspect-ratio: 974\/247;\" \/><\/a><p class=\"wp-caption-text\">AvaTrade user comment<\/p><\/div>\r\n\r\n<a href=\"\/reg\/avatrade\"><img decoding=\"async\" data-src=\"https:\/\/www.realforexreviews.com\/wp-content\/images\/reviews\/avatrade\/pic7.jpg\" width=\"974\" height=\"247\" alt=\"AvaTrade user comment\" class=\"size-full lazyload\" src=\"data:image\/svg+xml;base64,PHN2ZyB3aWR0aD0iMSIgaGVpZ2h0PSIxIiB4bWxucz0iaHR0cDovL3d3dy53My5vcmcvMjAwMC9zdmciPjwvc3ZnPg==\" style=\"--smush-placeholder-width: 974px; --smush-placeholder-aspect-ratio: 974\/247;\" \/><\/a>\r\n\r\n&nbsp;\r\n<table width=\"100%\">\r\n<tbody>\r\n<tr>\r\n<td style=\"background-image:inherit; background-repeat: no-repeat; background-position: left;\" height=200 data-bg-image=\"url(&#039;https:\/\/www.realforexreviews.com\/wp-content\/smush-webp\/2020\/03\/trading-background2.jpg.webp&#039;)\" class=\"lazyload\"><img decoding=\"async\" data-src=\"\/wp-content\/images\/header\/avatrade.png\" alt=\"avatrade logo\" src=\"data:image\/svg+xml;base64,PHN2ZyB3aWR0aD0iMSIgaGVpZ2h0PSIxIiB4bWxucz0iaHR0cDovL3d3dy53My5vcmcvMjAwMC9zdmciPjwvc3ZnPg==\" class=\"lazyload\" style=\"--smush-placeholder-width: 150px; --smush-placeholder-aspect-ratio: 150\/40;\" \/><\/td>\r\n<\/tr>\r\n<tr>\r\n<td style=\"text-align: left; padding: 0px 30px 30px 30px; background-color: #f3f3f3;\">\r\n<div id=\"conclusion\" class=\"retitle\">\r\n<h4>Conclusion<span class=\"score\"> 9.4\/10 <img decoding=\"async\" class=\"usr lazyload\" data-src=\"https:\/\/www.realforexreviews.com\/wp-content\/plugins\/universal-star-rating\/includes\/image.php?img=06.png&amp;px=20&amp;max=5&amp;rat=4.7\" alt=\"4.7 out of 5 stars\" style=\"height: 20px !important;\" src=\"data:image\/svg+xml;base64,PHN2ZyB3aWR0aD0iMSIgaGVpZ2h0PSIxIiB4bWxucz0iaHR0cDovL3d3dy53My5vcmcvMjAwMC9zdmciPjwvc3ZnPg==\" \/><\/span><\/h4>\r\n<\/div>\r\n<strong>AvaTrade has the edge in the world of online forex trading<\/strong> and this can be credited on how they created a platform based on the perspective of their users.\r\n\r\nCompared to other brokers that are simply an extended brand of banking institutions, this broker was able to provide a rich trading environment that is specifically made for forex traders.\r\n\r\nAdd to that a good reputation and a support team that is able to maintain the highest standards and you have yourself <strong>the perfect broker for forex trading.<\/strong>\r\n\r\n&nbsp;\r\n\r\n<center><a class=\"open\" href=\"\/reg\/avatrade\" target=\"_blank\" rel=\"nofollow noopener noreferrer\">Visit AvaTrade Now!<\/a><\/center><\/td>\r\n<\/tr>\r\n<\/tbody>\r\n<\/table>\r\n&nbsp;[\/vc_column_text][\/vc_column][\/vc_row]","protected":false},"excerpt":{"rendered":"[vc_row][vc_column][vc_column_text] Easily sign-up with AvaTrade for free via the form below! Introduction or Skip Content and Read the Bottom Line! AvaTrade was founded in 2006 and is known to be one of the leading online forex brokers today with over 1.5 million trades executed per month. They offer a proprietary trading platform that is built [&hellip;]","protected":false},"author":57,"featured_media":0,"parent":59277,"menu_order":0,"comment_status":"open","ping_status":"closed","template":"","meta":{"_acf_changed":false,"footnotes":""},"class_list":["post-61102","page","type-page","status-publish","hentry"],"acf":[],"aioseo_notices":[],"_links":{"self":[{"href":"https:\/\/www.realforexreviews.com\/vi\/wp-json\/wp\/v2\/pages\/61102","targetHints":{"allow":["GET"]}}],"collection":[{"href":"https:\/\/www.realforexreviews.com\/vi\/wp-json\/wp\/v2\/pages"}],"about":[{"href":"https:\/\/www.realforexreviews.com\/vi\/wp-json\/wp\/v2\/types\/page"}],"author":[{"embeddable":true,"href":"https:\/\/www.realforexreviews.com\/vi\/wp-json\/wp\/v2\/users\/57"}],"replies":[{"embeddable":true,"href":"https:\/\/www.realforexreviews.com\/vi\/wp-json\/wp\/v2\/comments?post=61102"}],"version-history":[{"count":4,"href":"https:\/\/www.realforexreviews.com\/vi\/wp-json\/wp\/v2\/pages\/61102\/revisions"}],"predecessor-version":[{"id":71027,"href":"https:\/\/www.realforexreviews.com\/vi\/wp-json\/wp\/v2\/pages\/61102\/revisions\/71027"}],"up":[{"embeddable":true,"href":"https:\/\/www.realforexreviews.com\/vi\/wp-json\/wp\/v2\/pages\/59277"}],"wp:attachment":[{"href":"https:\/\/www.realforexreviews.com\/vi\/wp-json\/wp\/v2\/media?parent=61102"}],"curies":[{"name":"wp","href":"https:\/\/api.w.org\/{rel}","templated":true}]}}