{"id":62151,"date":"2020-09-09T10:18:15","date_gmt":"2020-09-09T10:18:15","guid":{"rendered":"https:\/\/www.realforexreviews.com\/brokers\/investous-danh-gia-2020\/"},"modified":"2020-12-26T09:10:43","modified_gmt":"2020-12-26T09:10:43","slug":"investous","status":"publish","type":"page","link":"https:\/\/www.realforexreviews.com\/vi\/brokers\/investous","title":{"rendered":"Investous \u0110\u00e1nh gi\u00e1 2021"},"content":{"rendered":"[vc_row][vc_column][vc_column_text]\r\n<div align=center style=\"margin-top: -20px;\"><span class=\"cfdservice\">CFDs trading involves substantial risk and may result in the loss of your entire trading balance. CFDs are not appropriate for all retail traders.<\/span><\/div>\r\n&nbsp;\r\n\r\n<center><span style=\"font-size: large;\"><strong>Easily sign-up with Investous for free via the form below!<\/strong><\/span><\/center>&nbsp;\r\n\r\n<center><iframe style=\"border: 0px;\" data-src=\"http:\/\/go.24affiliates.com\/visit\/?bta=36015&amp;nci=6494&amp;utm_campaign=rfrUKQR&amp;afp=rfrUKQR\" height=\"520px\" scrolling=\"no\" src=\"data:image\/svg+xml;base64,PHN2ZyB3aWR0aD0iMSIgaGVpZ2h0PSIxIiB4bWxucz0iaHR0cDovL3d3dy53My5vcmcvMjAwMC9zdmciPjwvc3ZnPg==\" class=\"lazyload\" data-load-mode=\"1\"><\/iframe><\/center>\r\n<div id=\"end\" class=\"retitle\">\r\n<h4>Introduction <a class=\"readbottomline\" href=\"#conclusion\">or Skip Content and Read the Bottom Line!<\/a><\/h4>\r\n<\/div>\r\nInvestous is a well-known and established brand has entered the competitive world of FX trading.\r\n\r\nSo how do they compare to other forex brokerages?\r\n\r\nContinue reading this unbiased review to know the answer.\r\n\r\n&nbsp;\r\n<table class=\"shadow\" border=\"1\" width=\"70%\" cellspacing=\"0\" cellpadding=\"5\" align=\"center\">\r\n<tbody>\r\n<tr>\r\n<td style=\"background: #336181 none repeat scroll 0% 0%; border-top-left-radius: 10px; border-top-right-radius: 10px; border: 1px solid #fff;\" colspan=\"2\" valign=\"top\"><center><span style=\"color: #fff;\"><strong>Investous Overview<\/strong><\/span><\/center><\/td>\r\n<\/tr>\r\n<tr>\r\n<td width=\"230\">Founded<\/td>\r\n<td width=\"230\">2018<\/td>\r\n<\/tr>\r\n<tr>\r\n<td width=\"230\">Platform<\/td>\r\n<td width=\"230\">MT4, Webtrader<\/td>\r\n<\/tr>\r\n<tr>\r\n<td width=\"230\">Minimum account size<\/td>\r\n<td width=\"230\">$250<\/td>\r\n<\/tr>\r\n<tr>\r\n<td width=\"230\">Minimum lot size<\/td>\r\n<td width=\"230\">0.01<\/td>\r\n<\/tr>\r\n<tr>\r\n<td width=\"230\">Tradable assets<\/td>\r\n<td width=\"230\">200+<\/td>\r\n<\/tr>\r\n<tr>\r\n<td width=\"230\">Maximum margin<\/td>\r\n<td width=\"230\">1:50<\/td>\r\n<\/tr>\r\n<tr>\r\n<td width=\"230\">Spread on EUR\/USD<\/td>\r\n<td width=\"230\">0.0001 pips<\/td>\r\n<\/tr>\r\n<tr>\r\n<td width=\"230\">Payment methods<\/td>\r\n<td width=\"230\">Credit Card, Wire Transfer, Skrill Electronic Payment<\/td>\r\n<\/tr>\r\n<tr>\r\n<td width=\"230\">Demo account<\/td>\r\n<td width=\"230\">Yes<\/td>\r\n<\/tr>\r\n<tr>\r\n<td width=\"230\">Accepts US traders<\/td>\r\n<td width=\"230\">No<\/td>\r\n<\/tr>\r\n<tr>\r\n<td width=\"230\">Regulated<\/td>\r\n<td width=\"230\">IFSC (Belize), CySEC (Cyprus)<\/td>\r\n<\/tr>\r\n<tr>\r\n<td width=\"230\">Support<\/td>\r\n<td width=\"230\">Email, Phone, Live Chat<\/td>\r\n<\/tr>\r\n<tr>\r\n<td width=\"230\">Website<\/td>\r\n<td width=\"230\"><a href=\"\/reg\/investous\" target=\"_blank\" rel=\"nofollow noopener noreferrer\">www.investous.com<\/a><\/td>\r\n<\/tr>\r\n<\/tbody>\r\n<\/table>\r\n&nbsp;\r\n\r\n<center><a class=\"open\" href=\"\/reg\/investous\" target=\"_blank\" rel=\"nofollow noopener noreferrer\">Visit investous Site<\/a><\/center>\r\n\r\n<center><span class=\"cfdservice\">CFDs trading involves substantial risk and may result in the loss of your entire trading balance. CFDs are not appropriate for all retail traders.<\/span><\/center>\r\n<div class=\"retitle\">\r\n<h4>Platforms<span class=\"score\"> 9.2\/10 <img decoding=\"async\" class=\"usr lazyload\" data-src=\"https:\/\/www.realforexreviews.com\/wp-content\/plugins\/universal-star-rating\/includes\/image.php?img=06.png&amp;px=20&amp;max=5&amp;rat=4.6\" alt=\"4.6 out of 5 stars\" style=\"height: 20px !important;\" src=\"data:image\/svg+xml;base64,PHN2ZyB3aWR0aD0iMSIgaGVpZ2h0PSIxIiB4bWxucz0iaHR0cDovL3d3dy53My5vcmcvMjAwMC9zdmciPjwvc3ZnPg==\" \/><\/span><\/h4>\r\n<\/div>\r\nYou have the choice of trading via the downloadable MetaTrader4 (MT4) platform or the WebTrader which can be accessed directly from any web browser.\r\n\r\n<em>That&#8217;s not all&#8230;<\/em>\r\n\r\nAlternatively, you can use the mobile app for Android although we&#8217;d highly recommend that you use the desktop platforms.\r\n\r\nThe only downside is that they do not offer apps for iOS devices but iPhone and iPad users can simply access the web-based platform on the Safari browser.\r\n\r\nFor this category, Investous was able to get a <strong>Platform score of 9.2<\/strong>.\r\n<div class=\"retitle\">\r\n<h4>Design<span class=\"score\"> 10\/10 <img decoding=\"async\" class=\"usr lazyload\" data-src=\"https:\/\/www.realforexreviews.com\/wp-content\/plugins\/universal-star-rating\/includes\/image.php?img=06.png&amp;px=20&amp;max=5&amp;rat=5\" alt=\"5 out of 5 stars\" style=\"height: 20px !important;\" src=\"data:image\/svg+xml;base64,PHN2ZyB3aWR0aD0iMSIgaGVpZ2h0PSIxIiB4bWxucz0iaHR0cDovL3d3dy53My5vcmcvMjAwMC9zdmciPjwvc3ZnPg==\" \/><\/span><\/h4>\r\n<\/div>\r\nThis broker is absolutely top-shelf when it comes to user-friendliness even for novices.\r\n\r\nIt has everything that you need and they can all be accessed from the main menu.\r\n\r\n<em>Why does this matter?<\/em>\r\n\r\nIt matters a lot because you will be able to navigate through the menus and execute your trades without the need to switch to various pages.\r\n\r\nIt is for that reason why we gave them a <strong>Design score of 10<\/strong>.\r\n\r\n<div style=\"width: 1930px\" class=\"wp-caption aligncenter\"><a href=\"\/reg\/investous\"><img fetchpriority=\"high\" decoding=\"async\" src=\"\/wp-content\/images\/reviews\/investous\/investous-webtrader-platform.jpg\" width=\"1920\" height=\"1150\" alt=\"Investous WebTrader platform\" class=\"size-full\" \/><\/a><p class=\"wp-caption-text\">Investous WebTrader platform<\/p><\/div>\r\n\r\n&nbsp;\r\n\r\n<center><a class=\"open\" href=\"\/reg\/investous\" target=\"_blank\" rel=\"nofollow noopener noreferrer\">Start trading with Investous!<\/a><\/center>\r\n\r\n<center><span class=\"cfdservice\">CFDs trading involves substantial risk and may result in the loss of your entire trading balance. CFDs are not appropriate for all retail traders.<\/span><\/center>\r\n<div class=\"retitle\">\r\n<h4>Minimum Deposit<span class=\"score\"> 7\/10 <img decoding=\"async\" class=\"usr lazyload\" data-src=\"https:\/\/www.realforexreviews.com\/wp-content\/plugins\/universal-star-rating\/includes\/image.php?img=06.png&amp;px=20&amp;max=5&amp;rat=3.5\" alt=\"3.5 out of 5 stars\" style=\"height: 20px !important;\" src=\"data:image\/svg+xml;base64,PHN2ZyB3aWR0aD0iMSIgaGVpZ2h0PSIxIiB4bWxucz0iaHR0cDovL3d3dy53My5vcmcvMjAwMC9zdmciPjwvc3ZnPg==\" \/><\/span><\/h4>\r\n<\/div>\r\nAfter opening an account, you need to deposit a minimum of $250 in order to do live trading.\r\n\r\nWhile this may not be the lowest in this industry, it&#8217;s definitely not the highest either so it&#8217;s more on the average side.\r\n\r\n<em>Look&#8230;<\/em>\r\n\r\nIf you consider trading for a long-term basis then the minimum deposit is not a major factor to consider since you&#8217;re most likely to make a secondary deposit anyway.\r\n\r\nSo what&#8217;s the rating for this category? A <strong>minimum deposit score of 7<\/strong>.\r\n<div class=\"retitle\">\r\n<h4>Minimum Lot Size<span class=\"score\"> 10\/10 <img decoding=\"async\" class=\"usr lazyload\" data-src=\"https:\/\/www.realforexreviews.com\/wp-content\/plugins\/universal-star-rating\/includes\/image.php?img=06.png&amp;px=20&amp;max=5&amp;rat=5\" alt=\"5 out of 5 stars\" style=\"height: 20px !important;\" src=\"data:image\/svg+xml;base64,PHN2ZyB3aWR0aD0iMSIgaGVpZ2h0PSIxIiB4bWxucz0iaHR0cDovL3d3dy53My5vcmcvMjAwMC9zdmciPjwvc3ZnPg==\" \/><\/span><\/h4>\r\n<\/div>\r\nMost brokerages including <strong>Investous allow orders with micro lots<\/strong> which could go for as low as 0.01.\r\n\r\n<em>Why is it important?<\/em>\r\n\r\nSuch size will give you the opportunity to trade with lower risks.\r\n\r\nSince they follow the industry standard, they notched a <strong>Minimum Trade Score of 10<\/strong>.\r\n<div class=\"retitle\">\r\n<h4>Tradable Assets<span class=\"score\"> 8.9\/10 <img decoding=\"async\" class=\"usr lazyload\" data-src=\"https:\/\/www.realforexreviews.com\/wp-content\/plugins\/universal-star-rating\/includes\/image.php?img=06.png&amp;px=20&amp;max=5&amp;rat=4.5\" alt=\"4.5 out of 5 stars\" style=\"height: 20px !important;\" src=\"data:image\/svg+xml;base64,PHN2ZyB3aWR0aD0iMSIgaGVpZ2h0PSIxIiB4bWxucz0iaHR0cDovL3d3dy53My5vcmcvMjAwMC9zdmciPjwvc3ZnPg==\" \/><\/span><\/h4>\r\n<\/div>\r\nFor this category, the more assets the broker has, the better and the good news is that <strong>Investous&#8217; platforms will give you access to more than 200 financial instruments.<\/strong>\r\n\r\n<em>That&#8217;s not all&#8230;<\/em>\r\n\r\nMost of their assets are among the hottest in the market right now including indices, stocks, major currency pairs like the <a href=\"https:\/\/www.realforexreviews.com\/asset\/eurusd\/\" rel=\"noopener noreferrer\" target=\"_blank\">EUR\/USD<\/a> and <a href=\"https:\/\/www.realforexreviews.com\/asset\/usdjpy\/\" rel=\"noopener noreferrer\" target=\"_blank\">USD\/JPY<\/a> and commodities like gold and oil.\r\n\r\nWith so many options, <strong>you can broaden your investments across various markets<\/strong> and this can give you plenty of opportunities.\r\n\r\nIt is for this reason why they deserve a <strong>Tradable underlying assets score of 8.9<\/strong>.\r\n\r\n<div style=\"width: 636px\" class=\"wp-caption aligncenter\"><a href=\"\/reg\/investous\"><img decoding=\"async\" data-src=\"\/wp-content\/images\/reviews\/investous\/investous-assets.jpg\" width=\"626\" height=\"925\" alt=\"Investous tradable underlying assets\" class=\"size-full lazyload\" src=\"data:image\/svg+xml;base64,PHN2ZyB3aWR0aD0iMSIgaGVpZ2h0PSIxIiB4bWxucz0iaHR0cDovL3d3dy53My5vcmcvMjAwMC9zdmciPjwvc3ZnPg==\" style=\"--smush-placeholder-width: 626px; --smush-placeholder-aspect-ratio: 626\/925;\" \/><\/a><p class=\"wp-caption-text\">Investous tradable underlying assets<\/p><\/div>\r\n\r\n&nbsp;\r\n\r\n<center><a class=\"open\" href=\"\/reg\/investous\" target=\"_blank\" rel=\"nofollow noopener noreferrer\">Trade now with Investous!<\/a><\/center>\r\n\r\n<center><span class=\"cfdservice\">CFDs trading involves substantial risk and may result in the loss of your entire trading balance. CFDs are not appropriate for all retail traders.<\/span><\/center>\r\n<div class=\"retitle\">\r\n<h4>Spreads<span class=\"score\"> 9.8\/10 <img decoding=\"async\" class=\"usr lazyload\" data-src=\"https:\/\/www.realforexreviews.com\/wp-content\/plugins\/universal-star-rating\/includes\/image.php?img=06.png&amp;px=20&amp;max=5&amp;rat=4.9\" alt=\"4.9 out of 5 stars\" style=\"height: 20px !important;\" src=\"data:image\/svg+xml;base64,PHN2ZyB3aWR0aD0iMSIgaGVpZ2h0PSIxIiB4bWxucz0iaHR0cDovL3d3dy53My5vcmcvMjAwMC9zdmciPjwvc3ZnPg==\" \/><\/span><\/h4>\r\n<\/div>\r\nTight spreads help reduce the overall cost of trading and with this broker, the numbers are highly competitive and kept low.\r\n\r\n<em>Bottom line?<\/em>\r\n\r\nThat means you need to pay less to enter a trade and this saves you money over time.\r\n\r\nIt&#8217;s as simple as that.\r\n\r\nSuch ultra-low numbers warrant a <strong>Payouts score of 9.8<\/strong>.\r\n<div class=\"retitle\">\r\n<h4>Withdrawal Time<span class=\"score\"> 10\/10 <img decoding=\"async\" class=\"usr lazyload\" data-src=\"https:\/\/www.realforexreviews.com\/wp-content\/plugins\/universal-star-rating\/includes\/image.php?img=06.png&amp;px=20&amp;max=5&amp;rat=5\" alt=\"5 out of 5 stars\" style=\"height: 20px !important;\" src=\"data:image\/svg+xml;base64,PHN2ZyB3aWR0aD0iMSIgaGVpZ2h0PSIxIiB4bWxucz0iaHR0cDovL3d3dy53My5vcmcvMjAwMC9zdmciPjwvc3ZnPg==\" \/><\/span><\/h4>\r\n<\/div>\r\nWhen withdrawing your money from this broker, the deposit amount can be withdrawn back to deposit method while the profits will be sent either as a wire transfer for medium to big amounts or to an e-wallet for small amounts.\r\n\r\n<em>Here&#8217;s the deal:<\/em>\r\n\r\nMake sure that your account is completely verified in order to enjoy the expedited processing of withdrawals which can take place on the same day or the next working day.\r\n\r\nGenerally, this processing time is much faster the the industry standards which is why we are giving them a <strong>Withdrawal Time score of 10<\/strong>.\r\n<div class=\"retitle\">\r\n<h4>Deposit and Withdrawal Methods<span class=\"score\"> 10\/10 <img decoding=\"async\" class=\"usr lazyload\" data-src=\"https:\/\/www.realforexreviews.com\/wp-content\/plugins\/universal-star-rating\/includes\/image.php?img=06.png&amp;px=20&amp;max=5&amp;rat=5\" alt=\"5 out of 5 stars\" style=\"height: 20px !important;\" src=\"data:image\/svg+xml;base64,PHN2ZyB3aWR0aD0iMSIgaGVpZ2h0PSIxIiB4bWxucz0iaHR0cDovL3d3dy53My5vcmcvMjAwMC9zdmciPjwvc3ZnPg==\" \/><\/span><\/h4>\r\n<\/div>\r\nYou can deposit the funds to your account via these supported methods:\r\n<ul class=\"greenlist\">\r\n \t<li>Credit Card<\/li>\r\n \t<li>Wire Transfer<\/li>\r\n \t<li>Various e-wallets<\/li>\r\n<\/ul>\r\n<em>In general&#8230;<\/em>\r\n\r\nThese are the most common and trusted banking methods and this will give you a lot of convenience in transferring money to and from your account.\r\n\r\nOverall, we&#8217;re granting them a perfect <strong>Deposit and Withdrawal Methods score of 10<\/strong>.\r\n\r\n<div style=\"width: 1156px\" class=\"wp-caption aligncenter\"><a href=\"\/reg\/investous\"><img decoding=\"async\" data-src=\"\/wp-content\/images\/reviews\/investous\/investous-deposit-page.jpg\" width=\"1146\" height=\"805\" alt=\"Investous deposit page\" class=\"size-full lazyload\" src=\"data:image\/svg+xml;base64,PHN2ZyB3aWR0aD0iMSIgaGVpZ2h0PSIxIiB4bWxucz0iaHR0cDovL3d3dy53My5vcmcvMjAwMC9zdmciPjwvc3ZnPg==\" style=\"--smush-placeholder-width: 1146px; --smush-placeholder-aspect-ratio: 1146\/805;\" \/><\/a><p class=\"wp-caption-text\">Investous deposit page<\/p><\/div>\r\n\r\n&nbsp;\r\n\r\n<center><a class=\"open\" href=\"\/reg\/investous\" target=\"_blank\" rel=\"nofollow noopener noreferrer\">Sign-up with Investous!<\/a><\/center>\r\n\r\n<center><span class=\"cfdservice\">CFDs trading involves substantial risk and may result in the loss of your entire trading balance. CFDs are not appropriate for all retail traders.<\/span><\/center>\r\n<div class=\"retitle\">\r\n<h4>Customer Support<span class=\"score\"> 8.8\/10 <img decoding=\"async\" class=\"usr lazyload\" data-src=\"https:\/\/www.realforexreviews.com\/wp-content\/plugins\/universal-star-rating\/includes\/image.php?img=06.png&amp;px=20&amp;max=5&amp;rat=4.4\" alt=\"4.4 out of 5 stars\" style=\"height: 20px !important;\" src=\"data:image\/svg+xml;base64,PHN2ZyB3aWR0aD0iMSIgaGVpZ2h0PSIxIiB4bWxucz0iaHR0cDovL3d3dy53My5vcmcvMjAwMC9zdmciPjwvc3ZnPg==\" \/><\/span><\/h4>\r\n<\/div>\r\n<em>We can&#8217;t emphasize enough&#8230;<\/em>\r\n\r\n<strong>Customer service is among the key factors<\/strong> that you need to consider before you sign-up with any broker.\r\n\r\nIf they are not good in providing support for their clients then it would be wise to consider another broker instead.\r\n\r\n<em>What&#8217;s the real story?<\/em>\r\n\r\nInvestous&#8217; support team has a phone, email and live chat support and the good news is that <strong>they can be contacted 24 hours a day, 7 days a week.<\/strong>\r\n\r\nThat means you can get in touch with them any time that you need help or assistance with your account and anything related to their service.\r\n\r\n<a href=\"\/reg\/investous\" target=\"_blank\" rel=\"nofollow noopener noreferrer\"><img decoding=\"async\" class=\"aligncenter img-responsive lazyload\" data-src=\"\/wp-content\/images\/reviews\/investous\/investous-customer-support.jpg\" alt=\"Investous customer support\" src=\"data:image\/svg+xml;base64,PHN2ZyB3aWR0aD0iMSIgaGVpZ2h0PSIxIiB4bWxucz0iaHR0cDovL3d3dy53My5vcmcvMjAwMC9zdmciPjwvc3ZnPg==\" style=\"--smush-placeholder-width: 1277px; --smush-placeholder-aspect-ratio: 1277\/1410;\" \/><\/a>\r\n\r\n&nbsp;\r\n\r\n<center><a class=\"open\" href=\"\/reg\/investous\" target=\"_blank\" rel=\"nofollow noopener noreferrer\">Trade with Investous!<\/a><\/center>\r\n\r\n<center><span class=\"cfdservice\">CFDs trading involves substantial risk and may result in the loss of your entire trading balance. CFDs are not appropriate for all retail traders.<\/span><\/center>\r\n\r\n&nbsp;\r\n\r\nOur actual tests have proven that they do indeed provide fast and prompt support in all channels. Our phone calls with their agents were very quick while the live chat and email support provided very detailed answers to our questions.\r\n\r\nWe&#8217;re very impressed with the excellent customer service which is why we&#8217;re giving them a <strong>Support score of 8.8<\/strong>.\r\n<div class=\"retitle\">\r\n<h4>Quotes Accuracy<span class=\"score\"> 10\/10 <img decoding=\"async\" class=\"usr lazyload\" data-src=\"https:\/\/www.realforexreviews.com\/wp-content\/plugins\/universal-star-rating\/includes\/image.php?img=06.png&amp;px=20&amp;max=5&amp;rat=5\" alt=\"5 out of 5 stars\" style=\"height: 20px !important;\" src=\"data:image\/svg+xml;base64,PHN2ZyB3aWR0aD0iMSIgaGVpZ2h0PSIxIiB4bWxucz0iaHR0cDovL3d3dy53My5vcmcvMjAwMC9zdmciPjwvc3ZnPg==\" \/><\/span><\/h4>\r\n<\/div>\r\nWithout regulation, there&#8217;s no way for you to be sure that the platform you&#8217;re using is providing you with accurate market pricing.\r\n\r\n<em>The good news is:<\/em>\r\n\r\nThis brokerage is a regulated one which means that <strong>their platforms are providing real-time market data.<\/strong>\r\n\r\nWe&#8217;ve also done some tests to match the prices that were shown on their platform from real-time prices that were provided by third party quote providers and the results proved that they were accurate.\r\n\r\nThis deserves a <strong>Quote Accuracy Score of 10<\/strong>.\r\n<div class=\"retitle\">\r\n<h4>Credibility<span class=\"score\"> 8.8\/10 <img decoding=\"async\" class=\"usr lazyload\" data-src=\"https:\/\/www.realforexreviews.com\/wp-content\/plugins\/universal-star-rating\/includes\/image.php?img=06.png&amp;px=20&amp;max=5&amp;rat=4.4\" alt=\"4.4 out of 5 stars\" style=\"height: 20px !important;\" src=\"data:image\/svg+xml;base64,PHN2ZyB3aWR0aD0iMSIgaGVpZ2h0PSIxIiB4bWxucz0iaHR0cDovL3d3dy53My5vcmcvMjAwMC9zdmciPjwvc3ZnPg==\" \/><\/span><\/h4>\r\n<\/div>\r\n<a href=\"\/reg\/investous\" rel=\"nofollow\">Investous<\/a> started its operations in 2018 complete with active licenses from the Cyprus Securities and Exchange Commission (for F1Markets Limited [www.investous.com\/eu)]) and the International Financial Services Commission of Belize (for IOS Investments Limited [www.investous.com\/international]).\r\n\r\nThey may be considered as a new entrant in this industry but the latest reviews and comments that we found has definitely proven that <strong>they are well-received by traders particularly in Hong Kong, Singapore, China, Malaysia, Thailand and Indonesia.<\/strong>\r\n\r\nThis is also a good indication that they are off to a good start and they do mean business.\r\n\r\nThis warrants a <strong>Reputation score of 8.8<\/strong>.\r\n\r\n&nbsp;\r\n<table width=\"100%\">\r\n<tbody>\r\n<tr>\r\n<td style=\"background-image:inherit; background-repeat: no-repeat; background-position: left;\" height=200 data-bg-image=\"url(&#039;https:\/\/www.realforexreviews.com\/wp-content\/smush-webp\/2020\/03\/trading-background2.jpg.webp&#039;)\" class=\"lazyload\"><img decoding=\"async\" data-src=\"\/wp-content\/images\/header\/investous.png\" alt=\"investous logo\" src=\"data:image\/svg+xml;base64,PHN2ZyB3aWR0aD0iMSIgaGVpZ2h0PSIxIiB4bWxucz0iaHR0cDovL3d3dy53My5vcmcvMjAwMC9zdmciPjwvc3ZnPg==\" class=\"lazyload\" style=\"--smush-placeholder-width: 150px; --smush-placeholder-aspect-ratio: 150\/40;\" \/><\/td>\r\n<\/tr>\r\n<tr>\r\n<td style=\"text-align: left; padding: 0px 30px 30px 30px; background-color: #f3f3f3;\">\r\n<div id=\"conclusion\" class=\"retitle\">\r\n<h4>Conclusion<span class=\"score\"> 9.1\/10 <img decoding=\"async\" class=\"usr lazyload\" data-src=\"https:\/\/www.realforexreviews.com\/wp-content\/plugins\/universal-star-rating\/includes\/image.php?img=06.png&amp;px=20&amp;max=5&amp;rat=4.6\" alt=\"4.6 out of 5 stars\" style=\"height: 20px !important;\" src=\"data:image\/svg+xml;base64,PHN2ZyB3aWR0aD0iMSIgaGVpZ2h0PSIxIiB4bWxucz0iaHR0cDovL3d3dy53My5vcmcvMjAwMC9zdmciPjwvc3ZnPg==\" \/><\/span><\/h4>\r\n<\/div>\r\nWith Investous you can enjoy a seamless experience with superior trading conditions.\r\n\r\nTheir multi-asset platforms will allow you to broaden your investments across various markets.\r\n\r\n<em>The best part?<\/em>\r\n\r\nThey are regulated and this will give you peace of mind that you&#8217;re with a transparent and fair brokerage firm.\r\n\r\nThere&#8217;s no question that <strong>Investous is a good and highly recommended choice for trading forex and CFDs.<\/strong>\r\n\r\n&nbsp;\r\n\r\n<center><a class=\"open\" href=\"\/reg\/investous\" target=\"_blank\" rel=\"nofollow noopener noreferrer\">Sign-up with Investous!<\/a><\/center><\/td>\r\n<\/tr>\r\n<\/tbody>\r\n<\/table>\r\n<center><span class=\"cfdservice\">CFDs trading involves substantial risk and may result in the loss of your entire trading balance. CFDs are not appropriate for all retail traders. <\/span><\/center>\r\n\r\n&nbsp;[\/vc_column_text][\/vc_column][\/vc_row]","protected":false},"excerpt":{"rendered":"[vc_row][vc_column][vc_column_text] CFDs trading involves substantial risk and may result in the loss of your entire trading balance. CFDs are not appropriate for all retail traders. &nbsp; Easily sign-up with Investous for free via the form below!&nbsp; Introduction or Skip Content and Read the Bottom Line! Investous is a well-known and established brand has entered the [&hellip;]","protected":false},"author":57,"featured_media":52947,"parent":59277,"menu_order":0,"comment_status":"closed","ping_status":"closed","template":"","meta":{"_acf_changed":false,"footnotes":""},"class_list":["post-62151","page","type-page","status-publish","has-post-thumbnail","hentry"],"acf":[],"aioseo_notices":[],"_links":{"self":[{"href":"https:\/\/www.realforexreviews.com\/vi\/wp-json\/wp\/v2\/pages\/62151","targetHints":{"allow":["GET"]}}],"collection":[{"href":"https:\/\/www.realforexreviews.com\/vi\/wp-json\/wp\/v2\/pages"}],"about":[{"href":"https:\/\/www.realforexreviews.com\/vi\/wp-json\/wp\/v2\/types\/page"}],"author":[{"embeddable":true,"href":"https:\/\/www.realforexreviews.com\/vi\/wp-json\/wp\/v2\/users\/57"}],"replies":[{"embeddable":true,"href":"https:\/\/www.realforexreviews.com\/vi\/wp-json\/wp\/v2\/comments?post=62151"}],"version-history":[{"count":5,"href":"https:\/\/www.realforexreviews.com\/vi\/wp-json\/wp\/v2\/pages\/62151\/revisions"}],"predecessor-version":[{"id":71029,"href":"https:\/\/www.realforexreviews.com\/vi\/wp-json\/wp\/v2\/pages\/62151\/revisions\/71029"}],"up":[{"embeddable":true,"href":"https:\/\/www.realforexreviews.com\/vi\/wp-json\/wp\/v2\/pages\/59277"}],"wp:featuredmedia":[{"embeddable":true,"href":"https:\/\/www.realforexreviews.com\/vi\/wp-json\/wp\/v2\/media\/52947"}],"wp:attachment":[{"href":"https:\/\/www.realforexreviews.com\/vi\/wp-json\/wp\/v2\/media?parent=62151"}],"curies":[{"name":"wp","href":"https:\/\/api.w.org\/{rel}","templated":true}]}}